{"id":2382,"date":"2025-04-08T19:58:55","date_gmt":"2025-04-08T19:58:55","guid":{"rendered":"https:\/\/bottarga-shop.com\/blog\/"},"modified":"2025-05-10T01:28:17","modified_gmt":"2025-05-10T01:28:17","slug":"blog","status":"publish","type":"page","link":"https:\/\/bottarga-shop.com\/es\/blog\/","title":{"rendered":"Blog"},"content":{"rendered":"\t\t<div data-elementor-type=\"wp-page\" data-elementor-id=\"2382\" class=\"elementor elementor-2382 elementor-363\" data-elementor-post-type=\"page\">\n\t\t\t\t<div class=\"elementor-element elementor-element-66f96b4b e-flex e-con-boxed e-con e-parent\" data-id=\"66f96b4b\" data-element_type=\"container\" data-e-type=\"container\" data-settings=\"{&quot;background_background&quot;:&quot;classic&quot;}\">\n\t\t\t\t\t<div class=\"e-con-inner\">\n\t\t\t\t<div class=\"elementor-element elementor-element-7f841635 text-center elementor-invisible elementor-widget elementor-widget-tp-heading-title\" data-id=\"7f841635\" data-element_type=\"widget\" data-e-type=\"widget\" data-settings=\"{&quot;_animation&quot;:&quot;slideInUp&quot;}\" data-widget_type=\"tp-heading-title.default\">\n\t\t\t\t<div class=\"elementor-widget-container\">\n\t\t\t\t\t<div class=\"heading heading_style heading_style69ff39802d4f2 style-1 \"  data-tp-gsap-heading-text=\"\" data-tp-gsap-sub-heading-text=\"\"><div class=\"sub-style\" ><div class=\"head-title \" > <h2  class=\"heading-title   \"  data-hover=\"Domina el Arte de la Bottarga\">Domina el Arte de la Bottarga<span class=\"title-s \">  <\/span><\/h2><\/div><\/div><\/div>\t\t\t\t<\/div>\n\t\t\t\t<\/div>\n\t\t\t\t\t<\/div>\n\t\t\t\t<\/div>\n\t\t<div class=\"elementor-element elementor-element-6cfd3292 e-flex e-con-boxed elementor-invisible e-con e-parent\" data-id=\"6cfd3292\" data-element_type=\"container\" data-e-type=\"container\" data-settings=\"{&quot;animation&quot;:&quot;slideInUp&quot;}\">\n\t\t\t\t\t<div class=\"e-con-inner\">\n\t\t\t\t<div class=\"elementor-element elementor-element-5c70649e elementor-grid-3 elementor-grid-tablet-2 elementor-grid-mobile-1 elementor-posts--thumbnail-top elementor-widget elementor-widget-posts\" data-id=\"5c70649e\" data-element_type=\"widget\" data-e-type=\"widget\" data-settings=\"{&quot;classic_row_gap_mobile&quot;:{&quot;unit&quot;:&quot;px&quot;,&quot;size&quot;:15,&quot;sizes&quot;:[]},&quot;classic_columns&quot;:&quot;3&quot;,&quot;classic_columns_tablet&quot;:&quot;2&quot;,&quot;classic_columns_mobile&quot;:&quot;1&quot;,&quot;classic_row_gap&quot;:{&quot;unit&quot;:&quot;px&quot;,&quot;size&quot;:35,&quot;sizes&quot;:[]},&quot;classic_row_gap_tablet&quot;:{&quot;unit&quot;:&quot;px&quot;,&quot;size&quot;:&quot;&quot;,&quot;sizes&quot;:[]}}\" data-widget_type=\"posts.classic\">\n\t\t\t\t<div class=\"elementor-widget-container\">\n\t\t\t\t\t\t\t<div class=\"elementor-posts-container elementor-posts elementor-posts--skin-classic elementor-grid\" role=\"list\">\n\t\t\t\t<article class=\"elementor-post elementor-grid-item post-2732 post type-post status-publish format-standard has-post-thumbnail hentry category-bottarga-mauritania-es\" role=\"listitem\">\n\t\t\t\t<a class=\"elementor-post__thumbnail__link\" href=\"https:\/\/bottarga-shop.com\/es\/como-pedir-nuestra-botarga\/\" tabindex=\"-1\" >\n\t\t\t<div class=\"elementor-post__thumbnail\"><img fetchpriority=\"high\" decoding=\"async\" width=\"1800\" height=\"1400\" src=\"https:\/\/bottarga-shop.com\/wp-content\/uploads\/2025\/04\/Bottarga-Shop-Articles-de-Blog-1.jpg\" class=\"attachment-full size-full wp-image-2733\" alt=\"Bottarga Shop Articles de Blog (1)\" srcset=\"https:\/\/bottarga-shop.com\/wp-content\/uploads\/2025\/04\/Bottarga-Shop-Articles-de-Blog-1.jpg 1800w, https:\/\/bottarga-shop.com\/wp-content\/uploads\/2025\/04\/Bottarga-Shop-Articles-de-Blog-1-300x233.jpg 300w, https:\/\/bottarga-shop.com\/wp-content\/uploads\/2025\/04\/Bottarga-Shop-Articles-de-Blog-1-1024x796.jpg 1024w, https:\/\/bottarga-shop.com\/wp-content\/uploads\/2025\/04\/Bottarga-Shop-Articles-de-Blog-1-768x597.jpg 768w, https:\/\/bottarga-shop.com\/wp-content\/uploads\/2025\/04\/Bottarga-Shop-Articles-de-Blog-1-1536x1195.jpg 1536w, https:\/\/bottarga-shop.com\/wp-content\/uploads\/2025\/04\/Bottarga-Shop-Articles-de-Blog-1-600x467.jpg 600w\" sizes=\"(max-width: 1800px) 100vw, 1800px\" \/><\/div>\n\t\t<\/a>\n\t\t\t\t<div class=\"elementor-post__text\">\n\t\t\t\t<h3 class=\"elementor-post__title\">\n\t\t\t<a href=\"https:\/\/bottarga-shop.com\/es\/como-pedir-nuestra-botarga\/\" >\n\t\t\t\tC\u00f3mo pedir nuestra Botarga\t\t\t<\/a>\n\t\t<\/h3>\n\t\t\t\t<div class=\"elementor-post__meta-data\">\n\t\t\t\t\t<span class=\"elementor-post-date\">\n\t\t\t22 de abril de 2025\t\t<\/span>\n\t\t\t\t<\/div>\n\t\t\t\t<\/div>\n\t\t\t\t<\/article>\n\t\t\t\t<article class=\"elementor-post elementor-grid-item post-2744 post type-post status-publish format-standard has-post-thumbnail hentry category-bottarga-mauritania-es\" role=\"listitem\">\n\t\t\t\t<a class=\"elementor-post__thumbnail__link\" href=\"https:\/\/bottarga-shop.com\/es\/mauritania-donde-nace-nuestra-botarga\/\" tabindex=\"-1\" >\n\t\t\t<div class=\"elementor-post__thumbnail\"><img decoding=\"async\" width=\"1800\" height=\"1400\" src=\"https:\/\/bottarga-shop.com\/wp-content\/uploads\/2025\/04\/Artichoke-and-Bottarga-Sala.jpg\" class=\"attachment-full size-full wp-image-2745\" alt=\"Artichoke and Bottarga Sala\" srcset=\"https:\/\/bottarga-shop.com\/wp-content\/uploads\/2025\/04\/Artichoke-and-Bottarga-Sala.jpg 1800w, https:\/\/bottarga-shop.com\/wp-content\/uploads\/2025\/04\/Artichoke-and-Bottarga-Sala-300x233.jpg 300w, https:\/\/bottarga-shop.com\/wp-content\/uploads\/2025\/04\/Artichoke-and-Bottarga-Sala-1024x796.jpg 1024w, https:\/\/bottarga-shop.com\/wp-content\/uploads\/2025\/04\/Artichoke-and-Bottarga-Sala-768x597.jpg 768w, https:\/\/bottarga-shop.com\/wp-content\/uploads\/2025\/04\/Artichoke-and-Bottarga-Sala-1536x1195.jpg 1536w, https:\/\/bottarga-shop.com\/wp-content\/uploads\/2025\/04\/Artichoke-and-Bottarga-Sala-600x467.jpg 600w\" sizes=\"(max-width: 1800px) 100vw, 1800px\" \/><\/div>\n\t\t<\/a>\n\t\t\t\t<div class=\"elementor-post__text\">\n\t\t\t\t<h3 class=\"elementor-post__title\">\n\t\t\t<a href=\"https:\/\/bottarga-shop.com\/es\/mauritania-donde-nace-nuestra-botarga\/\" >\n\t\t\t\tMauritania: donde nace nuestra botarga\t\t\t<\/a>\n\t\t<\/h3>\n\t\t\t\t<div class=\"elementor-post__meta-data\">\n\t\t\t\t\t<span class=\"elementor-post-date\">\n\t\t\t22 de abril de 2025\t\t<\/span>\n\t\t\t\t<\/div>\n\t\t\t\t<\/div>\n\t\t\t\t<\/article>\n\t\t\t\t<article class=\"elementor-post elementor-grid-item post-2760 post type-post status-publish format-standard has-post-thumbnail hentry category-bottarga-mauritania-es\" role=\"listitem\">\n\t\t\t\t<a class=\"elementor-post__thumbnail__link\" href=\"https:\/\/bottarga-shop.com\/es\/que-hace-unica-a-nuestra-botarga\/\" tabindex=\"-1\" >\n\t\t\t<div class=\"elementor-post__thumbnail\"><img decoding=\"async\" width=\"1800\" height=\"1400\" src=\"https:\/\/bottarga-shop.com\/wp-content\/uploads\/2025\/04\/Bottarga-Shop-Articles-de-Blog.jpg\" class=\"attachment-full size-full wp-image-2746\" alt=\"Bottarga Shop Articles de Blog\" srcset=\"https:\/\/bottarga-shop.com\/wp-content\/uploads\/2025\/04\/Bottarga-Shop-Articles-de-Blog.jpg 1800w, https:\/\/bottarga-shop.com\/wp-content\/uploads\/2025\/04\/Bottarga-Shop-Articles-de-Blog-300x233.jpg 300w, https:\/\/bottarga-shop.com\/wp-content\/uploads\/2025\/04\/Bottarga-Shop-Articles-de-Blog-1024x796.jpg 1024w, https:\/\/bottarga-shop.com\/wp-content\/uploads\/2025\/04\/Bottarga-Shop-Articles-de-Blog-768x597.jpg 768w, https:\/\/bottarga-shop.com\/wp-content\/uploads\/2025\/04\/Bottarga-Shop-Articles-de-Blog-1536x1195.jpg 1536w, https:\/\/bottarga-shop.com\/wp-content\/uploads\/2025\/04\/Bottarga-Shop-Articles-de-Blog-600x467.jpg 600w\" sizes=\"(max-width: 1800px) 100vw, 1800px\" \/><\/div>\n\t\t<\/a>\n\t\t\t\t<div class=\"elementor-post__text\">\n\t\t\t\t<h3 class=\"elementor-post__title\">\n\t\t\t<a href=\"https:\/\/bottarga-shop.com\/es\/que-hace-unica-a-nuestra-botarga\/\" >\n\t\t\t\tQu\u00e9 hace \u00fanica a nuestra botarga\t\t\t<\/a>\n\t\t<\/h3>\n\t\t\t\t<div class=\"elementor-post__meta-data\">\n\t\t\t\t\t<span class=\"elementor-post-date\">\n\t\t\t22 de abril de 2025\t\t<\/span>\n\t\t\t\t<\/div>\n\t\t\t\t<\/div>\n\t\t\t\t<\/article>\n\t\t\t\t<article class=\"elementor-post elementor-grid-item post-2781 post type-post status-publish format-standard has-post-thumbnail hentry category-recetas\" role=\"listitem\">\n\t\t\t\t<a class=\"elementor-post__thumbnail__link\" href=\"https:\/\/bottarga-shop.com\/es\/ensalada-de-alcachofa-y-botarga-fresca-crujiente-y-con-sabor-a-mar\/\" tabindex=\"-1\" >\n\t\t\t<div class=\"elementor-post__thumbnail\"><img loading=\"lazy\" decoding=\"async\" width=\"1800\" height=\"1400\" src=\"https:\/\/bottarga-shop.com\/wp-content\/uploads\/2025\/04\/Artichoke-et-Bottarga.jpg\" class=\"attachment-full size-full wp-image-2782\" alt=\"Artichoke et Bottarga\" srcset=\"https:\/\/bottarga-shop.com\/wp-content\/uploads\/2025\/04\/Artichoke-et-Bottarga.jpg 1800w, https:\/\/bottarga-shop.com\/wp-content\/uploads\/2025\/04\/Artichoke-et-Bottarga-600x467.jpg 600w, https:\/\/bottarga-shop.com\/wp-content\/uploads\/2025\/04\/Artichoke-et-Bottarga-300x233.jpg 300w, https:\/\/bottarga-shop.com\/wp-content\/uploads\/2025\/04\/Artichoke-et-Bottarga-1024x796.jpg 1024w, https:\/\/bottarga-shop.com\/wp-content\/uploads\/2025\/04\/Artichoke-et-Bottarga-768x597.jpg 768w, https:\/\/bottarga-shop.com\/wp-content\/uploads\/2025\/04\/Artichoke-et-Bottarga-1536x1195.jpg 1536w, https:\/\/bottarga-shop.com\/wp-content\/uploads\/2025\/04\/Artichoke-et-Bottarga-1320x1027.jpg 1320w\" sizes=\"(max-width: 1800px) 100vw, 1800px\" \/><\/div>\n\t\t<\/a>\n\t\t\t\t<div class=\"elementor-post__text\">\n\t\t\t\t<h3 class=\"elementor-post__title\">\n\t\t\t<a href=\"https:\/\/bottarga-shop.com\/es\/ensalada-de-alcachofa-y-botarga-fresca-crujiente-y-con-sabor-a-mar\/\" >\n\t\t\t\tEnsalada de alcachofa y botarga: fresca, crujiente y con sabor a mar\t\t\t<\/a>\n\t\t<\/h3>\n\t\t\t\t<div class=\"elementor-post__meta-data\">\n\t\t\t\t\t<span class=\"elementor-post-date\">\n\t\t\t8 de abril de 2025\t\t<\/span>\n\t\t\t\t<\/div>\n\t\t\t\t<\/div>\n\t\t\t\t<\/article>\n\t\t\t\t<article class=\"elementor-post elementor-grid-item post-2793 post type-post status-publish format-standard has-post-thumbnail hentry category-recetas\" role=\"listitem\">\n\t\t\t\t<a class=\"elementor-post__thumbnail__link\" href=\"https:\/\/bottarga-shop.com\/es\/linguine-con-almejas-y-botarga-elegancia-marina-en-tu-plato\/\" tabindex=\"-1\" >\n\t\t\t<div class=\"elementor-post__thumbnail\"><img loading=\"lazy\" decoding=\"async\" width=\"1800\" height=\"1400\" src=\"https:\/\/bottarga-shop.com\/wp-content\/uploads\/2025\/04\/Linguine-aux-Palourdes-et-Bottarga.jpg\" class=\"attachment-full size-full wp-image-2794\" alt=\"Linguine with Clams and Bottarga\" srcset=\"https:\/\/bottarga-shop.com\/wp-content\/uploads\/2025\/04\/Linguine-aux-Palourdes-et-Bottarga.jpg 1800w, https:\/\/bottarga-shop.com\/wp-content\/uploads\/2025\/04\/Linguine-aux-Palourdes-et-Bottarga-600x467.jpg 600w, https:\/\/bottarga-shop.com\/wp-content\/uploads\/2025\/04\/Linguine-aux-Palourdes-et-Bottarga-300x233.jpg 300w, https:\/\/bottarga-shop.com\/wp-content\/uploads\/2025\/04\/Linguine-aux-Palourdes-et-Bottarga-1024x796.jpg 1024w, https:\/\/bottarga-shop.com\/wp-content\/uploads\/2025\/04\/Linguine-aux-Palourdes-et-Bottarga-768x597.jpg 768w, https:\/\/bottarga-shop.com\/wp-content\/uploads\/2025\/04\/Linguine-aux-Palourdes-et-Bottarga-1536x1195.jpg 1536w, https:\/\/bottarga-shop.com\/wp-content\/uploads\/2025\/04\/Linguine-aux-Palourdes-et-Bottarga-1320x1027.jpg 1320w\" sizes=\"(max-width: 1800px) 100vw, 1800px\" \/><\/div>\n\t\t<\/a>\n\t\t\t\t<div class=\"elementor-post__text\">\n\t\t\t\t<h3 class=\"elementor-post__title\">\n\t\t\t<a href=\"https:\/\/bottarga-shop.com\/es\/linguine-con-almejas-y-botarga-elegancia-marina-en-tu-plato\/\" >\n\t\t\t\tLinguine con almejas y botarga: elegancia marina en tu plato\t\t\t<\/a>\n\t\t<\/h3>\n\t\t\t\t<div class=\"elementor-post__meta-data\">\n\t\t\t\t\t<span class=\"elementor-post-date\">\n\t\t\t8 de abril de 2025\t\t<\/span>\n\t\t\t\t<\/div>\n\t\t\t\t<\/div>\n\t\t\t\t<\/article>\n\t\t\t\t<article class=\"elementor-post elementor-grid-item post-2804 post type-post status-publish format-standard has-post-thumbnail hentry category-recetas tag-recipe-es tag-spaghetti-es\" role=\"listitem\">\n\t\t\t\t<a class=\"elementor-post__thumbnail__link\" href=\"https:\/\/bottarga-shop.com\/es\/espaguetis-autenticos-con-botarga-receta-rapida\/\" tabindex=\"-1\" >\n\t\t\t<div class=\"elementor-post__thumbnail\"><img loading=\"lazy\" decoding=\"async\" width=\"1800\" height=\"1400\" src=\"https:\/\/bottarga-shop.com\/wp-content\/uploads\/2025\/04\/Spaghetti-avec-Bottarga.jpg\" class=\"attachment-full size-full wp-image-2805\" alt=\"Spaghetti avec Bottarga\" srcset=\"https:\/\/bottarga-shop.com\/wp-content\/uploads\/2025\/04\/Spaghetti-avec-Bottarga.jpg 1800w, https:\/\/bottarga-shop.com\/wp-content\/uploads\/2025\/04\/Spaghetti-avec-Bottarga-600x467.jpg 600w, https:\/\/bottarga-shop.com\/wp-content\/uploads\/2025\/04\/Spaghetti-avec-Bottarga-300x233.jpg 300w, https:\/\/bottarga-shop.com\/wp-content\/uploads\/2025\/04\/Spaghetti-avec-Bottarga-1024x796.jpg 1024w, https:\/\/bottarga-shop.com\/wp-content\/uploads\/2025\/04\/Spaghetti-avec-Bottarga-768x597.jpg 768w, https:\/\/bottarga-shop.com\/wp-content\/uploads\/2025\/04\/Spaghetti-avec-Bottarga-1536x1195.jpg 1536w, https:\/\/bottarga-shop.com\/wp-content\/uploads\/2025\/04\/Spaghetti-avec-Bottarga-1320x1027.jpg 1320w\" sizes=\"(max-width: 1800px) 100vw, 1800px\" \/><\/div>\n\t\t<\/a>\n\t\t\t\t<div class=\"elementor-post__text\">\n\t\t\t\t<h3 class=\"elementor-post__title\">\n\t\t\t<a href=\"https:\/\/bottarga-shop.com\/es\/espaguetis-autenticos-con-botarga-receta-rapida\/\" >\n\t\t\t\tEspaguetis aut\u00e9nticos con botarga: receta r\u00e1pida\t\t\t<\/a>\n\t\t<\/h3>\n\t\t\t\t<div class=\"elementor-post__meta-data\">\n\t\t\t\t\t<span class=\"elementor-post-date\">\n\t\t\t8 de abril de 2025\t\t<\/span>\n\t\t\t\t<\/div>\n\t\t\t\t<\/div>\n\t\t\t\t<\/article>\n\t\t\t\t<\/div>\n\t\t\n\t\t\t\t\t\t<\/div>\n\t\t\t\t<\/div>\n\t\t\t\t\t<\/div>\n\t\t\t\t<\/div>\n\t\t\t\t<\/div>\n\t\t","protected":false},"excerpt":{"rendered":"<p>Domina el Arte de la Bottarga<\/p>\n","protected":false},"author":1,"featured_media":0,"parent":0,"menu_order":0,"comment_status":"closed","ping_status":"closed","template":"elementor_header_footer","meta":{"_acf_changed":false,"slim_seo":{"title":"Espaguetis aut\u00e9nticos con botarga: receta r\u00e1pida - bottarga-shop.com","description":"A veces, las recetas m\u00e1s simples son las mejores. Eso es exactamente lo que demuestra esta receta de espaguetis con botarga. En solo unos minutos, obtienes un p"},"footnotes":""},"class_list":["post-2382","page","type-page","status-publish","hentry"],"acf":[],"_links":{"self":[{"href":"https:\/\/bottarga-shop.com\/es\/wp-json\/wp\/v2\/pages\/2382","targetHints":{"allow":["GET"]}}],"collection":[{"href":"https:\/\/bottarga-shop.com\/es\/wp-json\/wp\/v2\/pages"}],"about":[{"href":"https:\/\/bottarga-shop.com\/es\/wp-json\/wp\/v2\/types\/page"}],"author":[{"embeddable":true,"href":"https:\/\/bottarga-shop.com\/es\/wp-json\/wp\/v2\/users\/1"}],"replies":[{"embeddable":true,"href":"https:\/\/bottarga-shop.com\/es\/wp-json\/wp\/v2\/comments?post=2382"}],"version-history":[{"count":1,"href":"https:\/\/bottarga-shop.com\/es\/wp-json\/wp\/v2\/pages\/2382\/revisions"}],"predecessor-version":[{"id":2383,"href":"https:\/\/bottarga-shop.com\/es\/wp-json\/wp\/v2\/pages\/2382\/revisions\/2383"}],"wp:attachment":[{"href":"https:\/\/bottarga-shop.com\/es\/wp-json\/wp\/v2\/media?parent=2382"}],"curies":[{"name":"wp","href":"https:\/\/api.w.org\/{rel}","templated":true}]}}