{"id":2841,"date":"2025-04-22T03:08:08","date_gmt":"2025-04-22T03:08:08","guid":{"rendered":"https:\/\/bottarga-shop.com\/product\/botarga-de-mujol-gris-envasada-al-vacio-paquete-de-10-formato-pequeno-1-kg\/"},"modified":"2025-04-22T03:08:08","modified_gmt":"2025-04-22T03:08:08","slug":"botarga-de-mujol-gris-envasada-al-vacio-paquete-de-10-formato-pequeno-1-kg","status":"publish","type":"product","link":"https:\/\/bottarga-shop.com\/es\/product\/botarga-de-mujol-gris-envasada-al-vacio-paquete-de-10-formato-pequeno-1-kg\/","title":{"rendered":"Botarga de m\u00fajol gris envasada al vac\u00edo \u2013 Paquete de 10 (formato peque\u00f1o \u2013 1 kg)"},"content":{"rendered":"<p class=\"\" data-start=\"484\" data-end=\"684\">Recolectada en la costa atl\u00e1ntica de Mauritania, esta botarga de m\u00fajol gris de peque\u00f1o calibre se limpia cuidadosamente, se sala con sal marina y se seca al sol seg\u00fan t\u00e9cnicas artesanales. Posteriormente, se envasa al vac\u00edo para conservar al m\u00e1ximo su frescura, su textura y su riqueza arom\u00e1tica.<\/p>\n<p class=\"\" data-start=\"686\" data-end=\"795\">Este pack de 10 unidades es perfecto para quienes buscan versatilidad y calidad constante, ya sea para un uso gastron\u00f3mico cotidiano o como regalo gourmet con personalidad.<\/p>\n<ul data-start=\"797\" data-end=\"1020\">\n<li class=\"\" data-start=\"797\" data-end=\"827\">\n<p class=\"\" data-start=\"799\" data-end=\"827\">\u2705 Peso total: 1 kg (10 x 100\u202fg)<\/p>\n<\/li>\n<li class=\"\" data-start=\"828\" data-end=\"866\">\n<p class=\"\" data-start=\"830\" data-end=\"866\">\u2705 100\u202f% huevas de m\u00fajol salvaje<\/p>\n<\/li>\n<li class=\"\" data-start=\"867\" data-end=\"912\">\n<p class=\"\" data-start=\"869\" data-end=\"912\">\u2705 Envasado al vac\u00edo para frescura e higiene garantizadas<\/p>\n<\/li>\n<li class=\"\" data-start=\"913\" data-end=\"948\">\n<p class=\"\" data-start=\"915\" data-end=\"948\">\u2705 Secado tradicional al sol, sin procesos industriales<\/p>\n<\/li>\n<li class=\"\" data-start=\"949\" data-end=\"984\">\n<p class=\"\" data-start=\"951\" data-end=\"984\">\u2705 Sin aditivos ni conservantes<\/p>\n<\/li>\n<li class=\"\" data-start=\"985\" data-end=\"1020\">\n<p class=\"\" data-start=\"987\" data-end=\"1020\">\u2705 Lista para cortar, rallar o servir<\/p>\n<\/li>\n<\/ul>\n","protected":false},"excerpt":{"rendered":"<p>Una selecci\u00f3n de 1 kg de huevas de m\u00fajol gris de peque\u00f1o tama\u00f1o, envasadas al vac\u00edo para garantizar sabor y frescura. Perfecta para uso frecuente en casa o como regalo gourmet. <\/p>\n","protected":false},"featured_media":2821,"comment_status":"open","ping_status":"closed","template":"","meta":{"_acf_changed":false,"slim_seo":{"title":"Botarga de m\u00fajol gris envasada al vac\u00edo \u2013 Paquete de 10 (formato peque\u00f1o \u2013 1 kg) - bottarga-shop.com","description":"Una selecci\u00f3n de 1 kg de huevas de m\u00fajol gris de peque\u00f1o tama\u00f1o, envasadas al vac\u00edo para garantizar sabor y frescura. Perfecta para uso frecuente en casa o como"}},"product_brand":[],"product_cat":[99],"product_tag":[],"class_list":{"0":"post-2841","1":"product","2":"type-product","3":"status-publish","4":"has-post-thumbnail","6":"product_cat-envasado-al-vacio","8":"first","9":"instock","10":"shipping-taxable","11":"purchasable","12":"product-type-simple"},"acf":[],"_links":{"self":[{"href":"https:\/\/bottarga-shop.com\/es\/wp-json\/wp\/v2\/product\/2841","targetHints":{"allow":["GET"]}}],"collection":[{"href":"https:\/\/bottarga-shop.com\/es\/wp-json\/wp\/v2\/product"}],"about":[{"href":"https:\/\/bottarga-shop.com\/es\/wp-json\/wp\/v2\/types\/product"}],"replies":[{"embeddable":true,"href":"https:\/\/bottarga-shop.com\/es\/wp-json\/wp\/v2\/comments?post=2841"}],"wp:featuredmedia":[{"embeddable":true,"href":"https:\/\/bottarga-shop.com\/es\/wp-json\/wp\/v2\/media\/2821"}],"wp:attachment":[{"href":"https:\/\/bottarga-shop.com\/es\/wp-json\/wp\/v2\/media?parent=2841"}],"wp:term":[{"taxonomy":"product_brand","embeddable":true,"href":"https:\/\/bottarga-shop.com\/es\/wp-json\/wp\/v2\/product_brand?post=2841"},{"taxonomy":"product_cat","embeddable":true,"href":"https:\/\/bottarga-shop.com\/es\/wp-json\/wp\/v2\/product_cat?post=2841"},{"taxonomy":"product_tag","embeddable":true,"href":"https:\/\/bottarga-shop.com\/es\/wp-json\/wp\/v2\/product_tag?post=2841"}],"curies":[{"name":"wp","href":"https:\/\/api.w.org\/{rel}","templated":true}]}}