{"id":2867,"date":"2025-04-22T03:04:06","date_gmt":"2025-04-22T03:04:06","guid":{"rendered":"https:\/\/bottarga-shop.com\/product\/botarga-de-mujol-gris-envasada-al-vacio-paquete-de-5-formato-medio-1-kg\/"},"modified":"2025-04-22T03:04:06","modified_gmt":"2025-04-22T03:04:06","slug":"botarga-de-mujol-gris-envasada-al-vacio-paquete-de-5-formato-medio-1-kg","status":"publish","type":"product","link":"https:\/\/bottarga-shop.com\/es\/product\/botarga-de-mujol-gris-envasada-al-vacio-paquete-de-5-formato-medio-1-kg\/","title":{"rendered":"Botarga de m\u00fajol gris envasada al vac\u00edo \u2013 Paquete de 5 (formato medio \u2013 1 Kg)"},"content":{"rendered":"<p class=\"\" data-start=\"1324\" data-end=\"1497\">Recolectada en las aguas salvajes del Atl\u00e1ntico frente a Mauritania, esta botarga de m\u00fajol gris se cura artesanalmente con sal marina y se seca al sol seg\u00fan t\u00e9cnicas tradicionales. Luego se envasa al vac\u00edo para conservar su frescura y car\u00e1cter.<\/p>\n<p class=\"\" data-start=\"1499\" data-end=\"1641\">Cada pieza de esta selecci\u00f3n en formato grande ofrece un sabor profundo y sofisticado, con una textura firme y sedosa, ideal para preparaciones culinarias de alto nivel.<\/p>\n<ul data-start=\"1643\" data-end=\"1868\">\n<li class=\"\" data-start=\"1643\" data-end=\"1673\">\n<p class=\"\" data-start=\"1645\" data-end=\"1673\">\u2705 Peso total: 1 Kg (6 x 150 g+)<\/p>\n<\/li>\n<li class=\"\" data-start=\"1674\" data-end=\"1712\">\n<p class=\"\" data-start=\"1676\" data-end=\"1712\">\u2705 100 % huevas de m\u00fajol gris salvaje<\/p>\n<\/li>\n<li class=\"\" data-start=\"1713\" data-end=\"1760\">\n<p class=\"\" data-start=\"1715\" data-end=\"1760\">\u2705 Envasado al vac\u00edo para una frescura \u00f3ptima<\/p>\n<\/li>\n<li class=\"\" data-start=\"1761\" data-end=\"1796\">\n<p class=\"\" data-start=\"1763\" data-end=\"1796\">\u2705 Secado tradicional al sol<\/p>\n<\/li>\n<li class=\"\" data-start=\"1797\" data-end=\"1832\">\n<p class=\"\" data-start=\"1799\" data-end=\"1832\">\u2705 Sin aditivos ni conservantes<\/p>\n<\/li>\n<li class=\"\" data-start=\"1833\" data-end=\"1868\">\n<p class=\"\" data-start=\"1835\" data-end=\"1868\">\u2705 Lista para cortar, rallar o servir<\/p>\n<\/li>\n<\/ul>\n","protected":false},"excerpt":{"rendered":"<p>Una selecci\u00f3n equilibrada de 1 kg con seis huevas medianas de m\u00fajol gris, envasadas al vac\u00edo para una frescura profesional y un manejo limpio.<\/p>\n","protected":false},"featured_media":2851,"comment_status":"open","ping_status":"closed","template":"","meta":{"_acf_changed":false,"slim_seo":{"title":"Botarga de m\u00fajol gris envasada al vac\u00edo \u2013 Paquete de 5 (formato medio \u2013 1 Kg) - bottarga-shop.com","description":"Una selecci\u00f3n equilibrada de 1 kg con seis huevas medianas de m\u00fajol gris, envasadas al vac\u00edo para una frescura profesional y un manejo limpio."}},"product_brand":[],"product_cat":[99],"product_tag":[],"class_list":{"0":"post-2867","1":"product","2":"type-product","3":"status-publish","4":"has-post-thumbnail","6":"product_cat-envasado-al-vacio","8":"first","9":"instock","10":"shipping-taxable","11":"purchasable","12":"product-type-simple"},"acf":[],"_links":{"self":[{"href":"https:\/\/bottarga-shop.com\/es\/wp-json\/wp\/v2\/product\/2867","targetHints":{"allow":["GET"]}}],"collection":[{"href":"https:\/\/bottarga-shop.com\/es\/wp-json\/wp\/v2\/product"}],"about":[{"href":"https:\/\/bottarga-shop.com\/es\/wp-json\/wp\/v2\/types\/product"}],"replies":[{"embeddable":true,"href":"https:\/\/bottarga-shop.com\/es\/wp-json\/wp\/v2\/comments?post=2867"}],"wp:featuredmedia":[{"embeddable":true,"href":"https:\/\/bottarga-shop.com\/es\/wp-json\/wp\/v2\/media\/2851"}],"wp:attachment":[{"href":"https:\/\/bottarga-shop.com\/es\/wp-json\/wp\/v2\/media?parent=2867"}],"wp:term":[{"taxonomy":"product_brand","embeddable":true,"href":"https:\/\/bottarga-shop.com\/es\/wp-json\/wp\/v2\/product_brand?post=2867"},{"taxonomy":"product_cat","embeddable":true,"href":"https:\/\/bottarga-shop.com\/es\/wp-json\/wp\/v2\/product_cat?post=2867"},{"taxonomy":"product_tag","embeddable":true,"href":"https:\/\/bottarga-shop.com\/es\/wp-json\/wp\/v2\/product_tag?post=2867"}],"curies":[{"name":"wp","href":"https:\/\/api.w.org\/{rel}","templated":true}]}}