{"id":2925,"date":"2025-04-21T02:59:59","date_gmt":"2025-04-21T02:59:59","guid":{"rendered":"https:\/\/bottarga-shop.com\/product\/botarga-de-mujol-gris-envasada-al-vacio-1-pieza-formato-medio\/"},"modified":"2025-04-21T02:59:59","modified_gmt":"2025-04-21T02:59:59","slug":"botarga-de-mujol-gris-envasada-al-vacio-1-pieza-formato-medio","status":"publish","type":"product","link":"https:\/\/bottarga-shop.com\/es\/product\/botarga-de-mujol-gris-envasada-al-vacio-1-pieza-formato-medio\/","title":{"rendered":"Botarga de m\u00fajol gris envasada al vac\u00edo \u2013 1 pieza (formato medio)"},"content":{"rendered":"<p class=\"\" data-start=\"398\" data-end=\"593\">Procedente de las ricas aguas del Atl\u00e1ntico frente a Mauritania, esta botarga de m\u00fajol gris se elabora de forma artesanal: salada con sal marina natural, secada al sol y envasada al vac\u00edo para conservar su frescura y sabor aut\u00e9ntico.<\/p>\n<p class=\"\" data-start=\"595\" data-end=\"762\">Este formato mediano es perfecto para un uso gastron\u00f3mico vers\u00e1til: lo suficientemente generoso para varias recetas, pero tambi\u00e9n pr\u00e1ctico y f\u00e1cil de almacenar.<\/p>\n<ul data-start=\"764\" data-end=\"971\">\n<li class=\"\" data-start=\"764\" data-end=\"783\">\n<p class=\"\" data-start=\"766\" data-end=\"783\">\u2705 Pieza individual de formato medio (+ 150 g)<\/p>\n<\/li>\n<li class=\"\" data-start=\"784\" data-end=\"822\">\n<p class=\"\" data-start=\"786\" data-end=\"822\">\u2705 100 % huevas de m\u00fajol salvaje<\/p>\n<\/li>\n<li class=\"\" data-start=\"823\" data-end=\"864\">\n<p class=\"\" data-start=\"825\" data-end=\"864\">\u2705 Envasada al vac\u00edo para una conservaci\u00f3n \u00f3ptima<\/p>\n<\/li>\n<li class=\"\" data-start=\"865\" data-end=\"900\">\n<p class=\"\" data-start=\"867\" data-end=\"900\">\u2705 Secado tradicional al sol<\/p>\n<\/li>\n<li class=\"\" data-start=\"901\" data-end=\"936\">\n<p class=\"\" data-start=\"903\" data-end=\"936\">\u2705 Sin aditivos ni conservantes<\/p>\n<\/li>\n<li class=\"\" data-start=\"937\" data-end=\"971\">\n<p class=\"\" data-start=\"939\" data-end=\"971\">\u2705 Lista para cortar, rallar o degustar<\/p>\n<\/li>\n<\/ul>\n","protected":false},"excerpt":{"rendered":"<p>Una pieza vers\u00e1til y sabrosa, ideal para quienes aprecian la aut\u00e9ntica cocina del mar. <\/p>\n","protected":false},"featured_media":2840,"comment_status":"open","ping_status":"closed","template":"","meta":{"_acf_changed":false,"slim_seo":{"title":"Botarga de m\u00fajol gris envasada al vac\u00edo \u2013 1 pieza (formato medio) - bottarga-shop.com","description":"Una pieza vers\u00e1til y sabrosa, ideal para quienes aprecian la aut\u00e9ntica cocina del mar."}},"product_brand":[],"product_cat":[99,102],"product_tag":[],"class_list":{"0":"post-2925","1":"product","2":"type-product","3":"status-publish","4":"has-post-thumbnail","6":"product_cat-envasado-al-vacio","7":"product_cat-todo","9":"first","10":"instock","11":"shipping-taxable","12":"purchasable","13":"product-type-simple"},"acf":[],"_links":{"self":[{"href":"https:\/\/bottarga-shop.com\/es\/wp-json\/wp\/v2\/product\/2925","targetHints":{"allow":["GET"]}}],"collection":[{"href":"https:\/\/bottarga-shop.com\/es\/wp-json\/wp\/v2\/product"}],"about":[{"href":"https:\/\/bottarga-shop.com\/es\/wp-json\/wp\/v2\/types\/product"}],"replies":[{"embeddable":true,"href":"https:\/\/bottarga-shop.com\/es\/wp-json\/wp\/v2\/comments?post=2925"}],"wp:featuredmedia":[{"embeddable":true,"href":"https:\/\/bottarga-shop.com\/es\/wp-json\/wp\/v2\/media\/2840"}],"wp:attachment":[{"href":"https:\/\/bottarga-shop.com\/es\/wp-json\/wp\/v2\/media?parent=2925"}],"wp:term":[{"taxonomy":"product_brand","embeddable":true,"href":"https:\/\/bottarga-shop.com\/es\/wp-json\/wp\/v2\/product_brand?post=2925"},{"taxonomy":"product_cat","embeddable":true,"href":"https:\/\/bottarga-shop.com\/es\/wp-json\/wp\/v2\/product_cat?post=2925"},{"taxonomy":"product_tag","embeddable":true,"href":"https:\/\/bottarga-shop.com\/es\/wp-json\/wp\/v2\/product_tag?post=2925"}],"curies":[{"name":"wp","href":"https:\/\/api.w.org\/{rel}","templated":true}]}}