{"id":2997,"date":"2025-04-20T23:47:36","date_gmt":"2025-04-20T23:47:36","guid":{"rendered":"https:\/\/bottarga-shop.com\/product\/botarga-de-mujol-gris-sellada-con-cera-1-pieza-formato-grande\/"},"modified":"2025-04-20T23:47:36","modified_gmt":"2025-04-20T23:47:36","slug":"botarga-de-mujol-gris-sellada-con-cera-1-pieza-formato-grande","status":"publish","type":"product","link":"https:\/\/bottarga-shop.com\/es\/product\/botarga-de-mujol-gris-sellada-con-cera-1-pieza-formato-grande\/","title":{"rendered":"Botarga de m\u00fajol gris sellada con cera \u2013 1 pieza (formato grande)"},"content":{"rendered":"<p class=\"\" data-start=\"425\" data-end=\"651\">Recolectada a mano en las ricas aguas del Atl\u00e1ntico mauritano, esta pieza \u00fanica de botarga de m\u00fajol gris se elabora artesanalmente: salada con sal marina natural, secada lentamente al sol y finalmente sellada a mano con cera de abejas y un toque de aceite de oliva virgen extra.<\/p>\n<p class=\"\" data-start=\"653\" data-end=\"820\">Este formato generoso es perfecto para gourmets, chefs o como regalo exclusivo.<\/p>\n<p>&nbsp;<\/p>\n<ul>\n<li class=\"\" data-start=\"167\" data-end=\"190\">\n<p class=\"\" data-start=\"169\" data-end=\"190\">\u2705 Pieza \u00fanica de formato grande (<strong>+ 200 g<\/strong>)<\/p>\n<\/li>\n<li class=\"\" data-start=\"191\" data-end=\"229\">\n<p class=\"\" data-start=\"193\" data-end=\"229\">\u2705 100 % huevas de m\u00fajol salvaje<\/p>\n<\/li>\n<li class=\"\" data-start=\"230\" data-end=\"271\">\n<p class=\"\" data-start=\"232\" data-end=\"271\">\u2705 Acabado con cera natural y aceite de oliva virgen extra<\/p>\n<\/li>\n<\/ul>\n<ul data-start=\"719\" data-end=\"926\">\n<li class=\"\" data-start=\"820\" data-end=\"855\">\n<p class=\"\" data-start=\"822\" data-end=\"855\">\u2705 Secado tradicional al sol<\/p>\n<\/li>\n<li class=\"\" data-start=\"856\" data-end=\"891\">\n<p class=\"\" data-start=\"858\" data-end=\"891\">\u2705 Sin aditivos ni conservantes<\/p>\n<\/li>\n<li class=\"\" data-start=\"892\" data-end=\"926\">\n<p class=\"\" data-start=\"894\" data-end=\"926\">\u2705 Lista para cortar, rallar o servir directamente<\/p>\n<\/li>\n<\/ul>\n","protected":false},"excerpt":{"rendered":"<p>Un producto excepcional, sellado con cera para conservar toda la intensidad de su aroma, su textura sedosa y su capacidad de maduraci\u00f3n ; ideal para una experiencia gastron\u00f3mica de alto nivel. <\/p>\n","protected":false},"featured_media":2998,"comment_status":"open","ping_status":"closed","template":"","meta":{"_acf_changed":false,"slim_seo":{"title":"Botarga de m\u00fajol gris sellada con cera \u2013 1 pieza (formato grande) - bottarga-shop.com","description":"Un producto excepcional, sellado con cera para conservar toda la intensidad de su aroma, su textura sedosa y su capacidad de maduraci\u00f3n ; ideal para una experie"}},"product_brand":[],"product_cat":[105,102],"product_tag":[],"class_list":{"0":"post-2997","1":"product","2":"type-product","3":"status-publish","4":"has-post-thumbnail","6":"product_cat-sellado-con-cera","7":"product_cat-todo","9":"first","10":"instock","11":"shipping-taxable","12":"purchasable","13":"product-type-simple"},"acf":[],"_links":{"self":[{"href":"https:\/\/bottarga-shop.com\/es\/wp-json\/wp\/v2\/product\/2997","targetHints":{"allow":["GET"]}}],"collection":[{"href":"https:\/\/bottarga-shop.com\/es\/wp-json\/wp\/v2\/product"}],"about":[{"href":"https:\/\/bottarga-shop.com\/es\/wp-json\/wp\/v2\/types\/product"}],"replies":[{"embeddable":true,"href":"https:\/\/bottarga-shop.com\/es\/wp-json\/wp\/v2\/comments?post=2997"}],"wp:featuredmedia":[{"embeddable":true,"href":"https:\/\/bottarga-shop.com\/es\/wp-json\/wp\/v2\/media\/2998"}],"wp:attachment":[{"href":"https:\/\/bottarga-shop.com\/es\/wp-json\/wp\/v2\/media?parent=2997"}],"wp:term":[{"taxonomy":"product_brand","embeddable":true,"href":"https:\/\/bottarga-shop.com\/es\/wp-json\/wp\/v2\/product_brand?post=2997"},{"taxonomy":"product_cat","embeddable":true,"href":"https:\/\/bottarga-shop.com\/es\/wp-json\/wp\/v2\/product_cat?post=2997"},{"taxonomy":"product_tag","embeddable":true,"href":"https:\/\/bottarga-shop.com\/es\/wp-json\/wp\/v2\/product_tag?post=2997"}],"curies":[{"name":"wp","href":"https:\/\/api.w.org\/{rel}","templated":true}]}}