{"id":3012,"date":"2025-04-20T19:32:11","date_gmt":"2025-04-20T19:32:11","guid":{"rendered":"https:\/\/bottarga-shop.com\/product\/botarga-de-mujol-gris-rallada-50g\/"},"modified":"2025-04-20T19:32:11","modified_gmt":"2025-04-20T19:32:11","slug":"botarga-de-mujol-gris-rallada-50g","status":"publish","type":"product","link":"https:\/\/bottarga-shop.com\/es\/product\/botarga-de-mujol-gris-rallada-50g\/","title":{"rendered":"Botarga de m\u00fajol gris rallada \u2013 50g"},"content":{"rendered":"<p class=\"\" data-start=\"887\" data-end=\"1240\">Bottarga Mauritania te ofrece el aut\u00e9ntico sabor de una botarga artesanal, elaborada con huevas de m\u00fajol gris salvaje capturado frente a las costas de Mauritania.<\/p>\n<p class=\"\" data-start=\"887\" data-end=\"1240\">Las huevas se salan naturalmente y se secan cuidadosamente al sol en espacios abiertos, respetando las tradiciones ancestrales. Una vez maduradas, se rallan finamente para obtener un polvo intensamente arom\u00e1tico, con car\u00e1cter marino y profundo. <\/p>\n<p class=\"\" data-start=\"1242\" data-end=\"1456\">Ya seas un cocinero apasionado o un chef profesional, esta botarga rallada es el toque final perfecto.<\/p>\n<ul>\n<li class=\"\" data-start=\"2221\" data-end=\"2259\">\n<p class=\"\" data-start=\"2223\" data-end=\"2259\">\u2705 50 g de botarga de m\u00fajol gris salvaje rallada<\/p>\n<\/li>\n<li class=\"\" data-start=\"2260\" data-end=\"2300\">\n<p class=\"\" data-start=\"2262\" data-end=\"2300\">\u2705 Secada al sol y salada de forma tradicional<\/p>\n<\/li>\n<li class=\"\" data-start=\"2301\" data-end=\"2338\">\n<p class=\"\" data-start=\"2303\" data-end=\"2338\">\u2705 Finamente rallada para usos vers\u00e1tiles<\/p>\n<\/li>\n<li class=\"\" data-start=\"2339\" data-end=\"2374\">\n<p class=\"\" data-start=\"2341\" data-end=\"2374\">\u2705 Sin aditivos ni conservantes<\/p>\n<\/li>\n<li class=\"\" data-start=\"2375\" data-end=\"2418\">\n<p class=\"\" data-start=\"2377\" data-end=\"2418\">\u2705 Tarro de vidrio de alta gama<\/p>\n<\/li>\n<li class=\"\" data-start=\"2419\" data-end=\"2472\">\n<p class=\"\" data-start=\"2421\" data-end=\"2472\">\u2705 Conservar en un lugar seco y fresco \u2013 Vida \u00fatil: 12 meses<\/p>\n<\/li>\n<\/ul>\n","protected":false},"excerpt":{"rendered":"<p>Esta botarga rallada se elabora con m\u00fajol gris salvaje, salada y secada seg\u00fan la tradici\u00f3n, y despu\u00e9s finamente molida. Rica en umami, aporta profundidad y elegancia a cualquier plato. <\/p>\n","protected":false},"featured_media":3013,"comment_status":"open","ping_status":"closed","template":"","meta":{"_acf_changed":false,"slim_seo":{"title":"Botarga de m\u00fajol gris rallada \u2013 50g - bottarga-shop.com","description":"Esta botarga rallada se elabora con m\u00fajol gris salvaje, salada y secada seg\u00fan la tradici\u00f3n, y despu\u00e9s finamente molida. Rica en umami, aporta profundidad y eleg"}},"product_brand":[],"product_cat":[108,102],"product_tag":[],"class_list":{"0":"post-3012","1":"product","2":"type-product","3":"status-publish","4":"has-post-thumbnail","6":"product_cat-rallada","7":"product_cat-todo","9":"first","10":"instock","11":"shipping-taxable","12":"purchasable","13":"product-type-simple"},"acf":[],"_links":{"self":[{"href":"https:\/\/bottarga-shop.com\/es\/wp-json\/wp\/v2\/product\/3012","targetHints":{"allow":["GET"]}}],"collection":[{"href":"https:\/\/bottarga-shop.com\/es\/wp-json\/wp\/v2\/product"}],"about":[{"href":"https:\/\/bottarga-shop.com\/es\/wp-json\/wp\/v2\/types\/product"}],"replies":[{"embeddable":true,"href":"https:\/\/bottarga-shop.com\/es\/wp-json\/wp\/v2\/comments?post=3012"}],"wp:featuredmedia":[{"embeddable":true,"href":"https:\/\/bottarga-shop.com\/es\/wp-json\/wp\/v2\/media\/3013"}],"wp:attachment":[{"href":"https:\/\/bottarga-shop.com\/es\/wp-json\/wp\/v2\/media?parent=3012"}],"wp:term":[{"taxonomy":"product_brand","embeddable":true,"href":"https:\/\/bottarga-shop.com\/es\/wp-json\/wp\/v2\/product_brand?post=3012"},{"taxonomy":"product_cat","embeddable":true,"href":"https:\/\/bottarga-shop.com\/es\/wp-json\/wp\/v2\/product_cat?post=3012"},{"taxonomy":"product_tag","embeddable":true,"href":"https:\/\/bottarga-shop.com\/es\/wp-json\/wp\/v2\/product_tag?post=3012"}],"curies":[{"name":"wp","href":"https:\/\/api.w.org\/{rel}","templated":true}]}}