{"id":2228,"date":"2025-04-08T19:58:55","date_gmt":"2025-04-08T19:58:55","guid":{"rendered":"https:\/\/bottarga-shop.com\/blog\/"},"modified":"2025-05-10T01:26:20","modified_gmt":"2025-05-10T01:26:20","slug":"blog","status":"publish","type":"page","link":"https:\/\/bottarga-shop.com\/fr\/blog\/","title":{"rendered":"Blog"},"content":{"rendered":"\t\t<div data-elementor-type=\"wp-page\" data-elementor-id=\"2228\" class=\"elementor elementor-2228 elementor-363\" data-elementor-post-type=\"page\">\n\t\t\t\t<div class=\"elementor-element elementor-element-66f96b4b e-flex e-con-boxed e-con e-parent\" data-id=\"66f96b4b\" data-element_type=\"container\" data-e-type=\"container\" data-settings=\"{&quot;background_background&quot;:&quot;classic&quot;}\">\n\t\t\t\t\t<div class=\"e-con-inner\">\n\t\t\t\t<div class=\"elementor-element elementor-element-7f841635 text-center elementor-invisible elementor-widget elementor-widget-tp-heading-title\" data-id=\"7f841635\" data-element_type=\"widget\" data-e-type=\"widget\" data-settings=\"{&quot;_animation&quot;:&quot;slideInUp&quot;}\" data-widget_type=\"tp-heading-title.default\">\n\t\t\t\t<div class=\"elementor-widget-container\">\n\t\t\t\t\t<div class=\"heading heading_style heading_style69ff397f98131 style-1 \"  data-tp-gsap-heading-text=\"\" data-tp-gsap-sub-heading-text=\"\"><div class=\"sub-style\" ><div class=\"head-title \" > <h2  class=\"heading-title   \"  data-hover=\"Maitriser l&#039;Art de la Poutargue\">Maitriser l'Art de la Poutargue<span class=\"title-s \">  <\/span><\/h2><\/div><\/div><\/div>\t\t\t\t<\/div>\n\t\t\t\t<\/div>\n\t\t\t\t\t<\/div>\n\t\t\t\t<\/div>\n\t\t<div class=\"elementor-element elementor-element-6cfd3292 e-flex e-con-boxed elementor-invisible e-con e-parent\" data-id=\"6cfd3292\" data-element_type=\"container\" data-e-type=\"container\" data-settings=\"{&quot;animation&quot;:&quot;slideInUp&quot;}\">\n\t\t\t\t\t<div class=\"e-con-inner\">\n\t\t\t\t<div class=\"elementor-element elementor-element-5c70649e elementor-grid-3 elementor-grid-tablet-2 elementor-grid-mobile-1 elementor-posts--thumbnail-top elementor-widget elementor-widget-posts\" data-id=\"5c70649e\" data-element_type=\"widget\" data-e-type=\"widget\" data-settings=\"{&quot;classic_row_gap_mobile&quot;:{&quot;unit&quot;:&quot;px&quot;,&quot;size&quot;:15,&quot;sizes&quot;:[]},&quot;classic_columns&quot;:&quot;3&quot;,&quot;classic_columns_tablet&quot;:&quot;2&quot;,&quot;classic_columns_mobile&quot;:&quot;1&quot;,&quot;classic_row_gap&quot;:{&quot;unit&quot;:&quot;px&quot;,&quot;size&quot;:35,&quot;sizes&quot;:[]},&quot;classic_row_gap_tablet&quot;:{&quot;unit&quot;:&quot;px&quot;,&quot;size&quot;:&quot;&quot;,&quot;sizes&quot;:[]}}\" data-widget_type=\"posts.classic\">\n\t\t\t\t<div class=\"elementor-widget-container\">\n\t\t\t\t\t\t\t<div class=\"elementor-posts-container elementor-posts elementor-posts--skin-classic elementor-grid\" role=\"list\">\n\t\t\t\t<article class=\"elementor-post elementor-grid-item post-2300 post type-post status-publish format-standard has-post-thumbnail hentry category-bottarga-mauritanie\" role=\"listitem\">\n\t\t\t\t<a class=\"elementor-post__thumbnail__link\" href=\"https:\/\/bottarga-shop.com\/fr\/comment-commander-notre-bottarga\/\" tabindex=\"-1\" >\n\t\t\t<div class=\"elementor-post__thumbnail\"><img fetchpriority=\"high\" decoding=\"async\" width=\"1800\" height=\"1400\" src=\"https:\/\/bottarga-shop.com\/wp-content\/uploads\/2025\/04\/Bottarga-Shop-Articles-de-Blog-1.jpg\" class=\"attachment-full size-full wp-image-1590\" alt=\"Bottarga Shop Articles de Blog (1)\" srcset=\"https:\/\/bottarga-shop.com\/wp-content\/uploads\/2025\/04\/Bottarga-Shop-Articles-de-Blog-1.jpg 1800w, https:\/\/bottarga-shop.com\/wp-content\/uploads\/2025\/04\/Bottarga-Shop-Articles-de-Blog-1-300x233.jpg 300w, https:\/\/bottarga-shop.com\/wp-content\/uploads\/2025\/04\/Bottarga-Shop-Articles-de-Blog-1-1024x796.jpg 1024w, https:\/\/bottarga-shop.com\/wp-content\/uploads\/2025\/04\/Bottarga-Shop-Articles-de-Blog-1-768x597.jpg 768w, https:\/\/bottarga-shop.com\/wp-content\/uploads\/2025\/04\/Bottarga-Shop-Articles-de-Blog-1-1536x1195.jpg 1536w, https:\/\/bottarga-shop.com\/wp-content\/uploads\/2025\/04\/Bottarga-Shop-Articles-de-Blog-1-600x467.jpg 600w\" sizes=\"(max-width: 1800px) 100vw, 1800px\" \/><\/div>\n\t\t<\/a>\n\t\t\t\t<div class=\"elementor-post__text\">\n\t\t\t\t<h3 class=\"elementor-post__title\">\n\t\t\t<a href=\"https:\/\/bottarga-shop.com\/fr\/comment-commander-notre-bottarga\/\" >\n\t\t\t\tComment commander notre Bottarga\t\t\t<\/a>\n\t\t<\/h3>\n\t\t\t\t<div class=\"elementor-post__meta-data\">\n\t\t\t\t\t<span class=\"elementor-post-date\">\n\t\t\t22 avril 2025\t\t<\/span>\n\t\t\t\t<\/div>\n\t\t\t\t<\/div>\n\t\t\t\t<\/article>\n\t\t\t\t<article class=\"elementor-post elementor-grid-item post-2272 post type-post status-publish format-standard has-post-thumbnail hentry category-bottarga-mauritanie\" role=\"listitem\">\n\t\t\t\t<a class=\"elementor-post__thumbnail__link\" href=\"https:\/\/bottarga-shop.com\/fr\/mauritanie-le-point-de-depart-de-notre-bottarga\/\" tabindex=\"-1\" >\n\t\t\t<div class=\"elementor-post__thumbnail\"><img decoding=\"async\" width=\"1800\" height=\"1400\" src=\"https:\/\/bottarga-shop.com\/wp-content\/uploads\/2025\/04\/Artichoke-and-Bottarga-Sala.jpg\" class=\"attachment-full size-full wp-image-1588\" alt=\"Artichoke and Bottarga Sala\" srcset=\"https:\/\/bottarga-shop.com\/wp-content\/uploads\/2025\/04\/Artichoke-and-Bottarga-Sala.jpg 1800w, https:\/\/bottarga-shop.com\/wp-content\/uploads\/2025\/04\/Artichoke-and-Bottarga-Sala-300x233.jpg 300w, https:\/\/bottarga-shop.com\/wp-content\/uploads\/2025\/04\/Artichoke-and-Bottarga-Sala-1024x796.jpg 1024w, https:\/\/bottarga-shop.com\/wp-content\/uploads\/2025\/04\/Artichoke-and-Bottarga-Sala-768x597.jpg 768w, https:\/\/bottarga-shop.com\/wp-content\/uploads\/2025\/04\/Artichoke-and-Bottarga-Sala-1536x1195.jpg 1536w, https:\/\/bottarga-shop.com\/wp-content\/uploads\/2025\/04\/Artichoke-and-Bottarga-Sala-600x467.jpg 600w\" sizes=\"(max-width: 1800px) 100vw, 1800px\" \/><\/div>\n\t\t<\/a>\n\t\t\t\t<div class=\"elementor-post__text\">\n\t\t\t\t<h3 class=\"elementor-post__title\">\n\t\t\t<a href=\"https:\/\/bottarga-shop.com\/fr\/mauritanie-le-point-de-depart-de-notre-bottarga\/\" >\n\t\t\t\tMauritanie : l&rsquo;origine de notre poutargue\t\t\t<\/a>\n\t\t<\/h3>\n\t\t\t\t<div class=\"elementor-post__meta-data\">\n\t\t\t\t\t<span class=\"elementor-post-date\">\n\t\t\t22 avril 2025\t\t<\/span>\n\t\t\t\t<\/div>\n\t\t\t\t<\/div>\n\t\t\t\t<\/article>\n\t\t\t\t<article class=\"elementor-post elementor-grid-item post-2274 post type-post status-publish format-standard has-post-thumbnail hentry category-bottarga-mauritanie\" role=\"listitem\">\n\t\t\t\t<a class=\"elementor-post__thumbnail__link\" href=\"https:\/\/bottarga-shop.com\/fr\/ce-qui-fait-de-notre-bottarga-la-meilleure\/\" tabindex=\"-1\" >\n\t\t\t<div class=\"elementor-post__thumbnail\"><img decoding=\"async\" width=\"1800\" height=\"1400\" src=\"https:\/\/bottarga-shop.com\/wp-content\/uploads\/2025\/04\/Bottarga-Shop-Articles-de-Blog.jpg\" class=\"attachment-full size-full wp-image-1589\" alt=\"Bottarga Shop Articles de Blog\" srcset=\"https:\/\/bottarga-shop.com\/wp-content\/uploads\/2025\/04\/Bottarga-Shop-Articles-de-Blog.jpg 1800w, https:\/\/bottarga-shop.com\/wp-content\/uploads\/2025\/04\/Bottarga-Shop-Articles-de-Blog-300x233.jpg 300w, https:\/\/bottarga-shop.com\/wp-content\/uploads\/2025\/04\/Bottarga-Shop-Articles-de-Blog-1024x796.jpg 1024w, https:\/\/bottarga-shop.com\/wp-content\/uploads\/2025\/04\/Bottarga-Shop-Articles-de-Blog-768x597.jpg 768w, https:\/\/bottarga-shop.com\/wp-content\/uploads\/2025\/04\/Bottarga-Shop-Articles-de-Blog-1536x1195.jpg 1536w, https:\/\/bottarga-shop.com\/wp-content\/uploads\/2025\/04\/Bottarga-Shop-Articles-de-Blog-600x467.jpg 600w\" sizes=\"(max-width: 1800px) 100vw, 1800px\" \/><\/div>\n\t\t<\/a>\n\t\t\t\t<div class=\"elementor-post__text\">\n\t\t\t\t<h3 class=\"elementor-post__title\">\n\t\t\t<a href=\"https:\/\/bottarga-shop.com\/fr\/ce-qui-fait-de-notre-bottarga-la-meilleure\/\" >\n\t\t\t\tCe qui rend notre poutargue unique\t\t\t<\/a>\n\t\t<\/h3>\n\t\t\t\t<div class=\"elementor-post__meta-data\">\n\t\t\t\t\t<span class=\"elementor-post-date\">\n\t\t\t22 avril 2025\t\t<\/span>\n\t\t\t\t<\/div>\n\t\t\t\t<\/div>\n\t\t\t\t<\/article>\n\t\t\t\t<article class=\"elementor-post elementor-grid-item post-2264 post type-post status-publish format-standard has-post-thumbnail hentry category-recettes\" role=\"listitem\">\n\t\t\t\t<a class=\"elementor-post__thumbnail__link\" href=\"https:\/\/bottarga-shop.com\/fr\/salade-dartichauts-et-de-poutargue-fraiche-croquante-et-cotiere\/\" tabindex=\"-1\" >\n\t\t\t<div class=\"elementor-post__thumbnail\"><img loading=\"lazy\" decoding=\"async\" width=\"1800\" height=\"1400\" src=\"https:\/\/bottarga-shop.com\/wp-content\/uploads\/2025\/04\/Artichoke-et-Bottarga.jpg\" class=\"attachment-full size-full wp-image-1562\" alt=\"Artichoke et Bottarga\" srcset=\"https:\/\/bottarga-shop.com\/wp-content\/uploads\/2025\/04\/Artichoke-et-Bottarga.jpg 1800w, https:\/\/bottarga-shop.com\/wp-content\/uploads\/2025\/04\/Artichoke-et-Bottarga-600x467.jpg 600w, https:\/\/bottarga-shop.com\/wp-content\/uploads\/2025\/04\/Artichoke-et-Bottarga-300x233.jpg 300w, https:\/\/bottarga-shop.com\/wp-content\/uploads\/2025\/04\/Artichoke-et-Bottarga-1024x796.jpg 1024w, https:\/\/bottarga-shop.com\/wp-content\/uploads\/2025\/04\/Artichoke-et-Bottarga-768x597.jpg 768w, https:\/\/bottarga-shop.com\/wp-content\/uploads\/2025\/04\/Artichoke-et-Bottarga-1536x1195.jpg 1536w, https:\/\/bottarga-shop.com\/wp-content\/uploads\/2025\/04\/Artichoke-et-Bottarga-1320x1027.jpg 1320w\" sizes=\"(max-width: 1800px) 100vw, 1800px\" \/><\/div>\n\t\t<\/a>\n\t\t\t\t<div class=\"elementor-post__text\">\n\t\t\t\t<h3 class=\"elementor-post__title\">\n\t\t\t<a href=\"https:\/\/bottarga-shop.com\/fr\/salade-dartichauts-et-de-poutargue-fraiche-croquante-et-cotiere\/\" >\n\t\t\t\tSalade d\u2019artichauts \u00e0 la poutargue : l\u2019iode en finesse\t\t\t<\/a>\n\t\t<\/h3>\n\t\t\t\t<div class=\"elementor-post__meta-data\">\n\t\t\t\t\t<span class=\"elementor-post-date\">\n\t\t\t8 avril 2025\t\t<\/span>\n\t\t\t\t<\/div>\n\t\t\t\t<\/div>\n\t\t\t\t<\/article>\n\t\t\t\t<article class=\"elementor-post elementor-grid-item post-2270 post type-post status-publish format-standard has-post-thumbnail hentry category-recettes\" role=\"listitem\">\n\t\t\t\t<a class=\"elementor-post__thumbnail__link\" href=\"https:\/\/bottarga-shop.com\/fr\/linguine-aux-palourdes-et-a-la-poutargue-lharmonie-elegante-de-la-mer-et-de-la-terre\/\" tabindex=\"-1\" >\n\t\t\t<div class=\"elementor-post__thumbnail\"><img loading=\"lazy\" decoding=\"async\" width=\"1800\" height=\"1400\" src=\"https:\/\/bottarga-shop.com\/wp-content\/uploads\/2025\/04\/Linguine-aux-Palourdes-et-Bottarga.jpg\" class=\"attachment-full size-full wp-image-1561\" alt=\"Linguine with Clams and Bottarga\" srcset=\"https:\/\/bottarga-shop.com\/wp-content\/uploads\/2025\/04\/Linguine-aux-Palourdes-et-Bottarga.jpg 1800w, https:\/\/bottarga-shop.com\/wp-content\/uploads\/2025\/04\/Linguine-aux-Palourdes-et-Bottarga-600x467.jpg 600w, https:\/\/bottarga-shop.com\/wp-content\/uploads\/2025\/04\/Linguine-aux-Palourdes-et-Bottarga-300x233.jpg 300w, https:\/\/bottarga-shop.com\/wp-content\/uploads\/2025\/04\/Linguine-aux-Palourdes-et-Bottarga-1024x796.jpg 1024w, https:\/\/bottarga-shop.com\/wp-content\/uploads\/2025\/04\/Linguine-aux-Palourdes-et-Bottarga-768x597.jpg 768w, https:\/\/bottarga-shop.com\/wp-content\/uploads\/2025\/04\/Linguine-aux-Palourdes-et-Bottarga-1536x1195.jpg 1536w, https:\/\/bottarga-shop.com\/wp-content\/uploads\/2025\/04\/Linguine-aux-Palourdes-et-Bottarga-1320x1027.jpg 1320w\" sizes=\"(max-width: 1800px) 100vw, 1800px\" \/><\/div>\n\t\t<\/a>\n\t\t\t\t<div class=\"elementor-post__text\">\n\t\t\t\t<h3 class=\"elementor-post__title\">\n\t\t\t<a href=\"https:\/\/bottarga-shop.com\/fr\/linguine-aux-palourdes-et-a-la-poutargue-lharmonie-elegante-de-la-mer-et-de-la-terre\/\" >\n\t\t\t\tLinguine aux palourdes et \u00e0 la poutargue : L&rsquo;harmonie \u00e9l\u00e9gante de la mer et de la terre\t\t\t<\/a>\n\t\t<\/h3>\n\t\t\t\t<div class=\"elementor-post__meta-data\">\n\t\t\t\t\t<span class=\"elementor-post-date\">\n\t\t\t8 avril 2025\t\t<\/span>\n\t\t\t\t<\/div>\n\t\t\t\t<\/div>\n\t\t\t\t<\/article>\n\t\t\t\t<article class=\"elementor-post elementor-grid-item post-2266 post type-post status-publish format-standard has-post-thumbnail hentry category-recettes tag-recette tag-spaghetti-fr\" role=\"listitem\">\n\t\t\t\t<a class=\"elementor-post__thumbnail__link\" href=\"https:\/\/bottarga-shop.com\/fr\/spaghetti-authentiques-a-la-bottarga-recette-rapide\/\" tabindex=\"-1\" >\n\t\t\t<div class=\"elementor-post__thumbnail\"><img loading=\"lazy\" decoding=\"async\" width=\"1800\" height=\"1400\" src=\"https:\/\/bottarga-shop.com\/wp-content\/uploads\/2025\/04\/Spaghetti-avec-Bottarga.jpg\" class=\"attachment-full size-full wp-image-1551\" alt=\"Spaghetti avec Bottarga\" srcset=\"https:\/\/bottarga-shop.com\/wp-content\/uploads\/2025\/04\/Spaghetti-avec-Bottarga.jpg 1800w, https:\/\/bottarga-shop.com\/wp-content\/uploads\/2025\/04\/Spaghetti-avec-Bottarga-600x467.jpg 600w, https:\/\/bottarga-shop.com\/wp-content\/uploads\/2025\/04\/Spaghetti-avec-Bottarga-300x233.jpg 300w, https:\/\/bottarga-shop.com\/wp-content\/uploads\/2025\/04\/Spaghetti-avec-Bottarga-1024x796.jpg 1024w, https:\/\/bottarga-shop.com\/wp-content\/uploads\/2025\/04\/Spaghetti-avec-Bottarga-768x597.jpg 768w, https:\/\/bottarga-shop.com\/wp-content\/uploads\/2025\/04\/Spaghetti-avec-Bottarga-1536x1195.jpg 1536w, https:\/\/bottarga-shop.com\/wp-content\/uploads\/2025\/04\/Spaghetti-avec-Bottarga-1320x1027.jpg 1320w\" sizes=\"(max-width: 1800px) 100vw, 1800px\" \/><\/div>\n\t\t<\/a>\n\t\t\t\t<div class=\"elementor-post__text\">\n\t\t\t\t<h3 class=\"elementor-post__title\">\n\t\t\t<a href=\"https:\/\/bottarga-shop.com\/fr\/spaghetti-authentiques-a-la-bottarga-recette-rapide\/\" >\n\t\t\t\tSpaghettis \u00e0 la poutargue : simplicit\u00e9 iod\u00e9e, saveur imm\u00e9diate\t\t\t<\/a>\n\t\t<\/h3>\n\t\t\t\t<div class=\"elementor-post__meta-data\">\n\t\t\t\t\t<span class=\"elementor-post-date\">\n\t\t\t8 avril 2025\t\t<\/span>\n\t\t\t\t<\/div>\n\t\t\t\t<\/div>\n\t\t\t\t<\/article>\n\t\t\t\t<\/div>\n\t\t\n\t\t\t\t\t\t<\/div>\n\t\t\t\t<\/div>\n\t\t\t\t\t<\/div>\n\t\t\t\t<\/div>\n\t\t\t\t<\/div>\n\t\t","protected":false},"excerpt":{"rendered":"<p>Maitriser l&rsquo;Art de la Poutargue<\/p>\n","protected":false},"author":1,"featured_media":0,"parent":0,"menu_order":0,"comment_status":"closed","ping_status":"closed","template":"elementor_header_footer","meta":{"_acf_changed":false,"slim_seo":{"title":"Spaghettis \u00e0 la poutargue : simplicit\u00e9 iod\u00e9e, saveur imm\u00e9diate - bottarga-shop.com","description":"Parfois, les recettes les plus simples sont les meilleures. C\u2019est exactement ce que prouve cette recette de spaghettis \u00e0 la poutargue. En quelques minutes, vous"},"footnotes":""},"class_list":["post-2228","page","type-page","status-publish","hentry"],"acf":[],"_links":{"self":[{"href":"https:\/\/bottarga-shop.com\/fr\/wp-json\/wp\/v2\/pages\/2228","targetHints":{"allow":["GET"]}}],"collection":[{"href":"https:\/\/bottarga-shop.com\/fr\/wp-json\/wp\/v2\/pages"}],"about":[{"href":"https:\/\/bottarga-shop.com\/fr\/wp-json\/wp\/v2\/types\/page"}],"author":[{"embeddable":true,"href":"https:\/\/bottarga-shop.com\/fr\/wp-json\/wp\/v2\/users\/1"}],"replies":[{"embeddable":true,"href":"https:\/\/bottarga-shop.com\/fr\/wp-json\/wp\/v2\/comments?post=2228"}],"version-history":[{"count":2,"href":"https:\/\/bottarga-shop.com\/fr\/wp-json\/wp\/v2\/pages\/2228\/revisions"}],"predecessor-version":[{"id":2727,"href":"https:\/\/bottarga-shop.com\/fr\/wp-json\/wp\/v2\/pages\/2228\/revisions\/2727"}],"wp:attachment":[{"href":"https:\/\/bottarga-shop.com\/fr\/wp-json\/wp\/v2\/media?parent=2228"}],"curies":[{"name":"wp","href":"https:\/\/api.w.org\/{rel}","templated":true}]}}