{"id":2331,"date":"2025-04-20T22:42:57","date_gmt":"2025-04-20T22:42:57","guid":{"rendered":"https:\/\/bottarga-shop.com\/product\/bottarga-de-mulet-gris-scellee-a-la-cire-1-piece-petite\/"},"modified":"2025-05-21T04:14:36","modified_gmt":"2025-05-21T04:14:36","slug":"bottarga-de-mulet-gris-scellee-a-la-cire-1-piece-petite","status":"publish","type":"product","link":"https:\/\/bottarga-shop.com\/fr\/product\/bottarga-de-mulet-gris-scellee-a-la-cire-1-piece-petite\/","title":{"rendered":"Poutargue de mulet gris scell\u00e9e \u00e0 la cire \u2013 1 pi\u00e8ce (petit format)"},"content":{"rendered":"<p class=\"\" data-start=\"425\" data-end=\"651\">Pr\u00e9lev\u00e9e sur des mulets gris sauvages dans les eaux de l\u2019Atlantique au large de la Mauritanie, cette petite pi\u00e8ce de poutargue est pr\u00e9par\u00e9e artisanalement : sal\u00e9e avec du sel marin naturel, s\u00e9ch\u00e9e lentement au soleil, puis scell\u00e9e \u00e0 la main avec de la cire d\u2019abeille et de l\u2019huile d\u2019olive extra vierge.<\/p>\n<p class=\"\" data-start=\"653\" data-end=\"820\">Ce format compact est id\u00e9al pour une premi\u00e8re d\u00e9couverte, un usage occasionnel ou comme cadeau gastronomique raffin\u00e9.<\/p>\n<p>&nbsp;<\/p>\n<ul>\n<li class=\"\" data-start=\"167\" data-end=\"190\">\n<p class=\"\" data-start=\"169\" data-end=\"190\">\u2705 Pi\u00e8ce unique de petit format (<strong>+100 g<\/strong>)<\/p>\n<\/li>\n<li class=\"\" data-start=\"191\" data-end=\"229\">\n<p class=\"\" data-start=\"193\" data-end=\"229\">\u2705 100 % mulet gris sauvage<\/p>\n<\/li>\n<li class=\"\" data-start=\"230\" data-end=\"271\">\n<p class=\"\" data-start=\"232\" data-end=\"271\">\u2705 Finition \u00e0 la cire d\u2019abeille et huile d\u2019olive extra vierge<\/p>\n<\/li>\n<li class=\"\" data-start=\"272\" data-end=\"307\">\n<p class=\"\" data-start=\"274\" data-end=\"307\">\u2705 S\u00e9chage traditionnel au soleil<\/p>\n<\/li>\n<li class=\"\" data-start=\"308\" data-end=\"343\">\n<p class=\"\" data-start=\"310\" data-end=\"343\">\u2705 Sans additifs ni conservateurs<\/p>\n<\/li>\n<li class=\"\" data-start=\"344\" data-end=\"378\">\n<p class=\"\" data-start=\"346\" data-end=\"378\">\u2705 Pr\u00eate \u00e0 trancher, r\u00e2per ou d\u00e9guster telle quelle<\/p>\n<\/li>\n<\/ul>\n","protected":false},"excerpt":{"rendered":"<p>Un petit format plein de caract\u00e8re, scell\u00e9 sous cire pour pr\u00e9server les ar\u00f4mes marins et offrir une exp\u00e9rience culinaire authentique. <\/p>\n","protected":false},"featured_media":1569,"comment_status":"open","ping_status":"closed","template":"","meta":{"_acf_changed":false,"slim_seo":{"title":"Poutargue de mulet gris scell\u00e9e \u00e0 la cire \u2013 1 pi\u00e8ce (petit format) - bottarga-shop.com","description":"Un petit format plein de caract\u00e8re, scell\u00e9 sous cire pour pr\u00e9server les ar\u00f4mes marins et offrir une exp\u00e9rience culinaire authentique."}},"product_brand":[],"product_cat":[72,71],"product_tag":[],"class_list":{"0":"post-2331","1":"product","2":"type-product","3":"status-publish","4":"has-post-thumbnail","6":"product_cat-cire-scellee","7":"product_cat-tous","9":"first","10":"instock","11":"shipping-taxable","12":"purchasable","13":"product-type-simple"},"acf":[],"_links":{"self":[{"href":"https:\/\/bottarga-shop.com\/fr\/wp-json\/wp\/v2\/product\/2331","targetHints":{"allow":["GET"]}}],"collection":[{"href":"https:\/\/bottarga-shop.com\/fr\/wp-json\/wp\/v2\/product"}],"about":[{"href":"https:\/\/bottarga-shop.com\/fr\/wp-json\/wp\/v2\/types\/product"}],"replies":[{"embeddable":true,"href":"https:\/\/bottarga-shop.com\/fr\/wp-json\/wp\/v2\/comments?post=2331"}],"wp:featuredmedia":[{"embeddable":true,"href":"https:\/\/bottarga-shop.com\/fr\/wp-json\/wp\/v2\/media\/1569"}],"wp:attachment":[{"href":"https:\/\/bottarga-shop.com\/fr\/wp-json\/wp\/v2\/media?parent=2331"}],"wp:term":[{"taxonomy":"product_brand","embeddable":true,"href":"https:\/\/bottarga-shop.com\/fr\/wp-json\/wp\/v2\/product_brand?post=2331"},{"taxonomy":"product_cat","embeddable":true,"href":"https:\/\/bottarga-shop.com\/fr\/wp-json\/wp\/v2\/product_cat?post=2331"},{"taxonomy":"product_tag","embeddable":true,"href":"https:\/\/bottarga-shop.com\/fr\/wp-json\/wp\/v2\/product_tag?post=2331"}],"curies":[{"name":"wp","href":"https:\/\/api.w.org\/{rel}","templated":true}]}}