{"id":2332,"date":"2025-04-20T22:52:51","date_gmt":"2025-04-20T22:52:51","guid":{"rendered":"https:\/\/bottarga-shop.com\/product\/bottarga-de-mulet-gris-scellee-a-la-cire-1-piece-moyenne\/"},"modified":"2025-05-21T04:03:13","modified_gmt":"2025-05-21T04:03:13","slug":"bottarga-de-mulet-gris-scellee-a-la-cire-1-piece-moyenne","status":"publish","type":"product","link":"https:\/\/bottarga-shop.com\/fr\/product\/bottarga-de-mulet-gris-scellee-a-la-cire-1-piece-moyenne\/","title":{"rendered":"Poutargue de mulet gris scell\u00e9e \u00e0 la cire \u2013 1 pi\u00e8ce (format moyen)"},"content":{"rendered":"<p class=\"\" data-start=\"425\" data-end=\"651\">Issue de mulet gris sauvage p\u00each\u00e9 au large des c\u00f4tes de la Mauritanie, cette pi\u00e8ce de poutargue est pr\u00e9par\u00e9e de fa\u00e7on artisanale : sal\u00e9e au sel marin naturel, s\u00e9ch\u00e9e lentement au soleil, puis scell\u00e9e manuellement \u00e0 la cire d\u2019abeille avec une touche d\u2019huile d\u2019olive extra vierge.<\/p>\n<p class=\"\" data-start=\"653\" data-end=\"820\">Ce format moyen est parfait pour une utilisation culinaire r\u00e9guli\u00e8re, pour les d\u00e9gustations gastronomiques \u00e0 domicile ou comme cadeau raffin\u00e9.<\/p>\n<p>&nbsp;<\/p>\n<ul>\n<li class=\"\" data-start=\"167\" data-end=\"190\">\n<p class=\"\" data-start=\"169\" data-end=\"190\">\u2705 Pi\u00e8ce individuelle de format moyen (<strong>+150 g<\/strong>)<\/p>\n<\/li>\n<li class=\"\" data-start=\"191\" data-end=\"229\">\n<p class=\"\" data-start=\"193\" data-end=\"229\">\u2705 100 % mulet gris sauvage<\/p>\n<\/li>\n<li class=\"\" data-start=\"230\" data-end=\"271\">\n<p class=\"\" data-start=\"232\" data-end=\"271\">\u2705 Scell\u00e9e avec cire d\u2019abeille et huile d\u2019olive extra vierge<\/p>\n<\/li>\n<\/ul>\n<ul data-start=\"547\" data-end=\"768\">\n<li class=\"\" data-start=\"658\" data-end=\"693\">\n<p class=\"\" data-start=\"660\" data-end=\"693\">\u2705 S\u00e9chage traditionnel au soleil<\/p>\n<\/li>\n<li class=\"\" data-start=\"696\" data-end=\"731\">\n<p class=\"\" data-start=\"698\" data-end=\"731\">\u2705 Sans additifs ni conservateurs<\/p>\n<\/li>\n<li class=\"\" data-start=\"734\" data-end=\"768\">\n<p class=\"\" data-start=\"736\" data-end=\"768\">\u2705 Pr\u00eate \u00e0 trancher, r\u00e2per ou savourer telle quelle<\/p>\n<\/li>\n<\/ul>\n","protected":false},"excerpt":{"rendered":"<p>Un format \u00e9quilibr\u00e9 et polyvalent, id\u00e9al pour d\u00e9couvrir la richesse de la poutargue mauritanienne dans toute son authenticit\u00e9. <\/p>\n","protected":false},"featured_media":1569,"comment_status":"open","ping_status":"closed","template":"","meta":{"_acf_changed":false,"slim_seo":{"title":"Poutargue de mulet gris scell\u00e9e \u00e0 la cire \u2013 1 pi\u00e8ce (format moyen) - bottarga-shop.com","description":"Un format \u00e9quilibr\u00e9 et polyvalent, id\u00e9al pour d\u00e9couvrir la richesse de la poutargue mauritanienne dans toute son authenticit\u00e9."}},"product_brand":[],"product_cat":[72,71],"product_tag":[],"class_list":{"0":"post-2332","1":"product","2":"type-product","3":"status-publish","4":"has-post-thumbnail","6":"product_cat-cire-scellee","7":"product_cat-tous","9":"first","10":"instock","11":"shipping-taxable","12":"purchasable","13":"product-type-simple"},"acf":[],"_links":{"self":[{"href":"https:\/\/bottarga-shop.com\/fr\/wp-json\/wp\/v2\/product\/2332","targetHints":{"allow":["GET"]}}],"collection":[{"href":"https:\/\/bottarga-shop.com\/fr\/wp-json\/wp\/v2\/product"}],"about":[{"href":"https:\/\/bottarga-shop.com\/fr\/wp-json\/wp\/v2\/types\/product"}],"replies":[{"embeddable":true,"href":"https:\/\/bottarga-shop.com\/fr\/wp-json\/wp\/v2\/comments?post=2332"}],"wp:featuredmedia":[{"embeddable":true,"href":"https:\/\/bottarga-shop.com\/fr\/wp-json\/wp\/v2\/media\/1569"}],"wp:attachment":[{"href":"https:\/\/bottarga-shop.com\/fr\/wp-json\/wp\/v2\/media?parent=2332"}],"wp:term":[{"taxonomy":"product_brand","embeddable":true,"href":"https:\/\/bottarga-shop.com\/fr\/wp-json\/wp\/v2\/product_brand?post=2332"},{"taxonomy":"product_cat","embeddable":true,"href":"https:\/\/bottarga-shop.com\/fr\/wp-json\/wp\/v2\/product_cat?post=2332"},{"taxonomy":"product_tag","embeddable":true,"href":"https:\/\/bottarga-shop.com\/fr\/wp-json\/wp\/v2\/product_tag?post=2332"}],"curies":[{"name":"wp","href":"https:\/\/api.w.org\/{rel}","templated":true}]}}