{"id":2333,"date":"2025-04-21T00:03:23","date_gmt":"2025-04-21T00:03:23","guid":{"rendered":"https:\/\/bottarga-shop.com\/product\/bottarga-de-mulet-gris-scellee-a-la-cire-paquet-de-5-petit\/"},"modified":"2025-05-21T03:18:37","modified_gmt":"2025-05-21T03:18:37","slug":"bottarga-de-mulet-gris-scellee-a-la-cire-paquet-de-5-petit","status":"publish","type":"product","link":"https:\/\/bottarga-shop.com\/fr\/product\/bottarga-de-mulet-gris-scellee-a-la-cire-paquet-de-5-petit\/","title":{"rendered":"Poutargue de mulet gris scell\u00e9e \u00e0 la cire \u2013 Paquet de 5 (petit format)"},"content":{"rendered":"<p class=\"\" data-start=\"425\" data-end=\"651\">Pr\u00e9par\u00e9e \u00e0 partir de mulets sauvages p\u00each\u00e9s au large des c\u00f4tes de la Mauritanie, cette poutargue artisanale est sal\u00e9e au sel marin, s\u00e9ch\u00e9e lentement au soleil, puis scell\u00e9e \u00e0 la main avec de la cire d\u2019abeille et de l\u2019huile d\u2019olive extra vierge pour pr\u00e9server toute sa richesse aromatique.<\/p>\n<p class=\"\" data-start=\"653\" data-end=\"820\">Ce format de 5 pi\u00e8ces est id\u00e9al pour les particuliers, les \u00e9piceries fines ou les cadeaux gourmets. Compact mais raffin\u00e9, il permet une d\u00e9gustation ma\u00eetris\u00e9e et \u00e9l\u00e9gante.<\/p>\n<ul data-start=\"822\" data-end=\"1055\">\n<li class=\"\" data-start=\"822\" data-end=\"852\">\n<p class=\"\" data-start=\"824\" data-end=\"852\">\u2705 Poids total : 500 g (5 x 100 g)<\/p>\n<\/li>\n<li class=\"\" data-start=\"853\" data-end=\"891\">\n<p class=\"\" data-start=\"855\" data-end=\"891\">\u2705 100 % mulet gris sauvage<\/p>\n<\/li>\n<li class=\"\" data-start=\"892\" data-end=\"948\">\n<p class=\"\" data-start=\"894\" data-end=\"948\">\u2705 Finition \u00e0 la cire naturelle et huile d\u2019olive extra vierge<\/p>\n<\/li>\n<li class=\"\" data-start=\"949\" data-end=\"984\">\n<p class=\"\" data-start=\"951\" data-end=\"984\">\u2705 S\u00e9chage traditionnel au soleil<\/p>\n<\/li>\n<li class=\"\" data-start=\"985\" data-end=\"1020\">\n<p class=\"\" data-start=\"987\" data-end=\"1020\">\u2705 Sans additifs ni conservateurs<\/p>\n<\/li>\n<li class=\"\" data-start=\"1021\" data-end=\"1055\">\n<p class=\"\" data-start=\"1023\" data-end=\"1055\">\u2705 Pr\u00eate \u00e0 trancher, r\u00e2per ou savourer telle quelle<\/p>\n<\/li>\n<\/ul>\n","protected":false},"excerpt":{"rendered":"<p class=\"\" data-start=\"183\" data-end=\"341\">Un coffret de cinq petites poutargues de mulet gris sauvage, s\u00e9ch\u00e9es au soleil et scell\u00e9es \u00e0 la cire avec de l\u2019huile d\u2019olive et de la cire d\u2019abeille pour une conservation gastronomique. Parfait pour offrir, la restauration ou une utilisation raffin\u00e9e \u00e0 domicile. <\/p>\n","protected":false},"featured_media":1575,"comment_status":"open","ping_status":"closed","template":"","meta":{"_acf_changed":false,"slim_seo":{"title":"Poutargue de mulet gris scell\u00e9e \u00e0 la cire \u2013 Paquet de 5 (petit format) - bottarga-shop.com","description":"Un coffret de cinq petites poutargues de mulet gris sauvage, s\u00e9ch\u00e9es au soleil et scell\u00e9es \u00e0 la cire avec de l\u2019huile d\u2019olive et de la cire d\u2019abeille pour une co"}},"product_brand":[],"product_cat":[72,71],"product_tag":[],"class_list":{"0":"post-2333","1":"product","2":"type-product","3":"status-publish","4":"has-post-thumbnail","6":"product_cat-cire-scellee","7":"product_cat-tous","9":"first","10":"instock","11":"shipping-taxable","12":"purchasable","13":"product-type-simple"},"acf":[],"_links":{"self":[{"href":"https:\/\/bottarga-shop.com\/fr\/wp-json\/wp\/v2\/product\/2333","targetHints":{"allow":["GET"]}}],"collection":[{"href":"https:\/\/bottarga-shop.com\/fr\/wp-json\/wp\/v2\/product"}],"about":[{"href":"https:\/\/bottarga-shop.com\/fr\/wp-json\/wp\/v2\/types\/product"}],"replies":[{"embeddable":true,"href":"https:\/\/bottarga-shop.com\/fr\/wp-json\/wp\/v2\/comments?post=2333"}],"wp:featuredmedia":[{"embeddable":true,"href":"https:\/\/bottarga-shop.com\/fr\/wp-json\/wp\/v2\/media\/1575"}],"wp:attachment":[{"href":"https:\/\/bottarga-shop.com\/fr\/wp-json\/wp\/v2\/media?parent=2333"}],"wp:term":[{"taxonomy":"product_brand","embeddable":true,"href":"https:\/\/bottarga-shop.com\/fr\/wp-json\/wp\/v2\/product_brand?post=2333"},{"taxonomy":"product_cat","embeddable":true,"href":"https:\/\/bottarga-shop.com\/fr\/wp-json\/wp\/v2\/product_cat?post=2333"},{"taxonomy":"product_tag","embeddable":true,"href":"https:\/\/bottarga-shop.com\/fr\/wp-json\/wp\/v2\/product_tag?post=2333"}],"curies":[{"name":"wp","href":"https:\/\/api.w.org\/{rel}","templated":true}]}}