{"id":2339,"date":"2025-04-21T02:55:39","date_gmt":"2025-04-21T02:55:39","guid":{"rendered":"https:\/\/bottarga-shop.com\/product\/bottarga-de-mulet-gris-scellee-a-la-cire-paquet-de-10-grand\/"},"modified":"2025-05-20T23:13:53","modified_gmt":"2025-05-20T23:13:53","slug":"bottarga-de-mulet-gris-scellee-a-la-cire-paquet-de-10-grand","status":"publish","type":"product","link":"https:\/\/bottarga-shop.com\/fr\/product\/bottarga-de-mulet-gris-scellee-a-la-cire-paquet-de-10-grand\/","title":{"rendered":"Poutargue de mulet gris scell\u00e9e \u00e0 la cire \u2013 Paquet de 10 (grand format)"},"content":{"rendered":"<p class=\"\" data-start=\"406\" data-end=\"632\">R\u00e9colt\u00e9e dans les eaux sauvages de l\u2019Atlantique au large de la Mauritanie, cette poutargue de mulet gris est pr\u00e9par\u00e9e selon un savoir-faire artisanal. Chaque pi\u00e8ce est sal\u00e9e avec du sel marin naturel, s\u00e9ch\u00e9e lentement au soleil, puis soigneusement enduite \u00e0 la main d\u2019huile d\u2019olive extra vierge et de cire d\u2019abeille locale.<\/p>\n<p class=\"\" data-start=\"634\" data-end=\"801\">Ce format g\u00e9n\u00e9reux de 10 pi\u00e8ces est pens\u00e9 pour les professionnels de la gastronomie, les grossistes ou les amateurs de maturation longue.<\/p>\n<ul data-start=\"803\" data-end=\"1036\">\n<li class=\"\" data-start=\"803\" data-end=\"833\">\n<p class=\"\" data-start=\"805\" data-end=\"833\">\u2705 Poids total : 2 kg (10 x 200 g)<\/p>\n<\/li>\n<li class=\"\" data-start=\"834\" data-end=\"872\">\n<p class=\"\" data-start=\"836\" data-end=\"872\">\u2705 100 % mulet gris sauvage<\/p>\n<\/li>\n<li class=\"\" data-start=\"873\" data-end=\"929\">\n<p class=\"\" data-start=\"875\" data-end=\"929\">\u2705 Finition \u00e0 la cire naturelle et huile d\u2019olive extra vierge<\/p>\n<\/li>\n<li class=\"\" data-start=\"930\" data-end=\"965\">\n<p class=\"\" data-start=\"932\" data-end=\"965\">\u2705 S\u00e9chage traditionnel au soleil<\/p>\n<\/li>\n<li class=\"\" data-start=\"966\" data-end=\"1001\">\n<p class=\"\" data-start=\"968\" data-end=\"1001\">\u2705 Sans additifs ni conservateurs<\/p>\n<\/li>\n<li class=\"\" data-start=\"1002\" data-end=\"1036\">\n<p class=\"\" data-start=\"1004\" data-end=\"1036\">\u2705 Pr\u00eate \u00e0 \u00eatre tranch\u00e9e, r\u00e2p\u00e9e ou d\u00e9gust\u00e9e telle quelle<\/p>\n<\/li>\n<\/ul>\n","protected":false},"excerpt":{"rendered":"<p>Une s\u00e9lection d\u2019exception, scell\u00e9e sous cire pour pr\u00e9server la texture, l\u2019ar\u00f4me et le potentiel de vieillissement, parfaite pour les chefs et les palais exigeants. <\/p>\n","protected":false},"featured_media":1566,"comment_status":"open","ping_status":"closed","template":"","meta":{"_acf_changed":false,"slim_seo":{"title":"Poutargue de mulet gris scell\u00e9e \u00e0 la cire \u2013 Paquet de 10 (grand format) - bottarga-shop.com","description":"Une s\u00e9lection d\u2019exception, scell\u00e9e sous cire pour pr\u00e9server la texture, l\u2019ar\u00f4me et le potentiel de vieillissement, parfaite pour les chefs et les palais exigean"}},"product_brand":[],"product_cat":[72,71],"product_tag":[],"class_list":{"0":"post-2339","1":"product","2":"type-product","3":"status-publish","4":"has-post-thumbnail","6":"product_cat-cire-scellee","7":"product_cat-tous","9":"first","10":"instock","11":"shipping-taxable","12":"purchasable","13":"product-type-simple"},"acf":[],"_links":{"self":[{"href":"https:\/\/bottarga-shop.com\/fr\/wp-json\/wp\/v2\/product\/2339","targetHints":{"allow":["GET"]}}],"collection":[{"href":"https:\/\/bottarga-shop.com\/fr\/wp-json\/wp\/v2\/product"}],"about":[{"href":"https:\/\/bottarga-shop.com\/fr\/wp-json\/wp\/v2\/types\/product"}],"replies":[{"embeddable":true,"href":"https:\/\/bottarga-shop.com\/fr\/wp-json\/wp\/v2\/comments?post=2339"}],"wp:featuredmedia":[{"embeddable":true,"href":"https:\/\/bottarga-shop.com\/fr\/wp-json\/wp\/v2\/media\/1566"}],"wp:attachment":[{"href":"https:\/\/bottarga-shop.com\/fr\/wp-json\/wp\/v2\/media?parent=2339"}],"wp:term":[{"taxonomy":"product_brand","embeddable":true,"href":"https:\/\/bottarga-shop.com\/fr\/wp-json\/wp\/v2\/product_brand?post=2339"},{"taxonomy":"product_cat","embeddable":true,"href":"https:\/\/bottarga-shop.com\/fr\/wp-json\/wp\/v2\/product_cat?post=2339"},{"taxonomy":"product_tag","embeddable":true,"href":"https:\/\/bottarga-shop.com\/fr\/wp-json\/wp\/v2\/product_tag?post=2339"}],"curies":[{"name":"wp","href":"https:\/\/api.w.org\/{rel}","templated":true}]}}