{"id":2340,"date":"2025-04-21T03:01:00","date_gmt":"2025-04-21T03:01:00","guid":{"rendered":"https:\/\/bottarga-shop.com\/product\/bottarga-de-mulet-gris-scellee-sous-vide-1-piece-grande\/"},"modified":"2025-05-20T15:43:10","modified_gmt":"2025-05-20T15:43:10","slug":"bottarga-de-mulet-gris-scellee-sous-vide-1-piece-grande","status":"publish","type":"product","link":"https:\/\/bottarga-shop.com\/fr\/product\/bottarga-de-mulet-gris-scellee-sous-vide-1-piece-grande\/","title":{"rendered":"Vacuum-Sealed Grey Mullet Bottarga \u2013 1 Piece (Large)"},"content":{"rendered":"<p class=\"\" data-start=\"406\" data-end=\"591\">R\u00e9colt\u00e9e dans les eaux sauvages de l\u2019Atlantique au large de la Mauritanie, cette poutargue de mulet gris est pr\u00e9par\u00e9e \u00e0 la main selon des m\u00e9thodes traditionnelles : sal\u00e9e au sel marin naturel, s\u00e9ch\u00e9e au soleil, puis scell\u00e9e sous vide pour une conservation optimale.<\/p>\n<p class=\"\" data-start=\"593\" data-end=\"760\">Ce format individuel, de grande taille, est parfait pour les cuisiniers exigeants ou les amateurs de produits de la mer \u00e0 la recherche de qualit\u00e9 sup\u00e9rieure et d\u2019intensit\u00e9 aromatique.<\/p>\n<ul data-start=\"762\" data-end=\"969\">\n<li class=\"\" data-start=\"762\" data-end=\"781\">\n<p class=\"\" data-start=\"764\" data-end=\"781\">\u2705 Pi\u00e8ce unique de grand format (+ 200 g)<\/p>\n<\/li>\n<li class=\"\" data-start=\"782\" data-end=\"820\">\n<p class=\"\" data-start=\"784\" data-end=\"820\">\u2705 100\u202f% mulet gris captur\u00e9 \u00e0 l\u2019\u00e9tat sauvage<\/p>\n<\/li>\n<li class=\"\" data-start=\"821\" data-end=\"862\">\n<p class=\"\" data-start=\"823\" data-end=\"862\">\u2705 Scell\u00e9e sous vide pour une fra\u00eecheur maximale<\/p>\n<\/li>\n<li class=\"\" data-start=\"863\" data-end=\"898\">\n<p class=\"\" data-start=\"865\" data-end=\"898\">\u2705 S\u00e9ch\u00e9e au soleil selon la tradition<\/p>\n<\/li>\n<li class=\"\" data-start=\"899\" data-end=\"934\">\n<p class=\"\" data-start=\"901\" data-end=\"934\">\u2705 Sans additifs ni conservateurs<\/p>\n<\/li>\n<li class=\"\" data-start=\"935\" data-end=\"969\">\n<p class=\"\" data-start=\"937\" data-end=\"969\">\u2705 Pr\u00eate \u00e0 \u00eatre tranch\u00e9e, r\u00e2p\u00e9e ou d\u00e9gust\u00e9e telle quelle<\/p>\n<\/li>\n<\/ul>\n","protected":false},"excerpt":{"rendered":"<p>Un produit raffin\u00e9, id\u00e9al pour sublimer vos plats ou pour offrir une touche authentique de la M\u00e9diterran\u00e9e \u00e0 votre cuisine. <\/p>\n","protected":false},"featured_media":1577,"comment_status":"open","ping_status":"closed","template":"","meta":{"_acf_changed":false,"slim_seo":{"title":"Vacuum-Sealed Grey Mullet Bottarga \u2013 1 Piece (Large) - bottarga-shop.com","description":"Un produit raffin\u00e9, id\u00e9al pour sublimer vos plats ou pour offrir une touche authentique de la M\u00e9diterran\u00e9e \u00e0 votre cuisine."}},"product_brand":[],"product_cat":[73,71],"product_tag":[],"class_list":{"0":"post-2340","1":"product","2":"type-product","3":"status-publish","4":"has-post-thumbnail","6":"product_cat-scelle-sous-vide","7":"product_cat-tous","9":"first","10":"instock","11":"shipping-taxable","12":"purchasable","13":"product-type-simple"},"acf":[],"_links":{"self":[{"href":"https:\/\/bottarga-shop.com\/fr\/wp-json\/wp\/v2\/product\/2340","targetHints":{"allow":["GET"]}}],"collection":[{"href":"https:\/\/bottarga-shop.com\/fr\/wp-json\/wp\/v2\/product"}],"about":[{"href":"https:\/\/bottarga-shop.com\/fr\/wp-json\/wp\/v2\/types\/product"}],"replies":[{"embeddable":true,"href":"https:\/\/bottarga-shop.com\/fr\/wp-json\/wp\/v2\/comments?post=2340"}],"wp:featuredmedia":[{"embeddable":true,"href":"https:\/\/bottarga-shop.com\/fr\/wp-json\/wp\/v2\/media\/1577"}],"wp:attachment":[{"href":"https:\/\/bottarga-shop.com\/fr\/wp-json\/wp\/v2\/media?parent=2340"}],"wp:term":[{"taxonomy":"product_brand","embeddable":true,"href":"https:\/\/bottarga-shop.com\/fr\/wp-json\/wp\/v2\/product_brand?post=2340"},{"taxonomy":"product_cat","embeddable":true,"href":"https:\/\/bottarga-shop.com\/fr\/wp-json\/wp\/v2\/product_cat?post=2340"},{"taxonomy":"product_tag","embeddable":true,"href":"https:\/\/bottarga-shop.com\/fr\/wp-json\/wp\/v2\/product_tag?post=2340"}],"curies":[{"name":"wp","href":"https:\/\/api.w.org\/{rel}","templated":true}]}}