{"id":2341,"date":"2025-04-21T02:52:21","date_gmt":"2025-04-21T02:52:21","guid":{"rendered":"https:\/\/bottarga-shop.com\/product\/bottarga-de-mulet-gris-scellee-a-la-cire-paquet-de-10-petite\/"},"modified":"2025-05-20T23:55:04","modified_gmt":"2025-05-20T23:55:04","slug":"bottarga-de-mulet-gris-scellee-a-la-cire-paquet-de-10-petite","status":"publish","type":"product","link":"https:\/\/bottarga-shop.com\/fr\/product\/bottarga-de-mulet-gris-scellee-a-la-cire-paquet-de-10-petite\/","title":{"rendered":"Poutargue de mulet gris scell\u00e9e \u00e0 la cire \u2013 Paquet de 10 (petit format)"},"content":{"rendered":"<p class=\"\" data-start=\"430\" data-end=\"656\">Pr\u00e9par\u00e9e \u00e0 la main sur la c\u00f4te atlantique mauritanienne, cette poutargue est issue de mulets sauvages soigneusement s\u00e9lectionn\u00e9s. Chaque pi\u00e8ce est sal\u00e9e au sel marin, s\u00e9ch\u00e9e lentement au soleil, puis scell\u00e9e sous cire d\u2019abeille et huile d\u2019olive extra vierge pour pr\u00e9server sa qualit\u00e9 et prolonger sa dur\u00e9e de conservation.<\/p>\n<p class=\"\" data-start=\"658\" data-end=\"825\">Ce pack de 10 petites pi\u00e8ces est id\u00e9al pour les restaurateurs, les d\u00e9taillants ou les amateurs souhaitant varier les usages ou offrir un produit gastronomique authentique.<\/p>\n<ul data-start=\"827\" data-end=\"1060\">\n<li class=\"\" data-start=\"827\" data-end=\"857\">\n<p class=\"\" data-start=\"829\" data-end=\"857\">\u2705 Poids total : 1 kg (10 x 100 g)<\/p>\n<\/li>\n<li class=\"\" data-start=\"858\" data-end=\"896\">\n<p class=\"\" data-start=\"860\" data-end=\"896\">\u2705 100 % mulet gris sauvage<\/p>\n<\/li>\n<li class=\"\" data-start=\"897\" data-end=\"953\">\n<p class=\"\" data-start=\"899\" data-end=\"953\">\u2705 Scell\u00e9e sous cire et huile d\u2019olive extra vierge<\/p>\n<\/li>\n<li class=\"\" data-start=\"954\" data-end=\"989\">\n<p class=\"\" data-start=\"956\" data-end=\"989\">\u2705 S\u00e9chage traditionnel au soleil<\/p>\n<\/li>\n<li class=\"\" data-start=\"990\" data-end=\"1025\">\n<p class=\"\" data-start=\"992\" data-end=\"1025\">\u2705 Sans additifs ni conservateurs<\/p>\n<\/li>\n<li class=\"\" data-start=\"1026\" data-end=\"1060\">\n<p class=\"\" data-start=\"1028\" data-end=\"1060\">\u2705 Pr\u00eate \u00e0 \u00eatre tranch\u00e9e, r\u00e2p\u00e9e ou d\u00e9gust\u00e9e telle quelle<\/p>\n<\/li>\n<\/ul>\n","protected":false},"excerpt":{"rendered":"<p class=\"\" data-start=\"231\" data-end=\"415\">Un format raffin\u00e9, pratique et \u00e9l\u00e9gant, parfait pour des portions \u00e9quilibr\u00e9es ou des cadeaux gourmets. <\/p>\n","protected":false},"featured_media":1566,"comment_status":"open","ping_status":"closed","template":"","meta":{"_acf_changed":false,"slim_seo":{"title":"Poutargue de mulet gris scell\u00e9e \u00e0 la cire \u2013 Paquet de 10 (petit format) - bottarga-shop.com","description":"Un format raffin\u00e9, pratique et \u00e9l\u00e9gant, parfait pour des portions \u00e9quilibr\u00e9es ou des cadeaux gourmets."}},"product_brand":[],"product_cat":[72,71],"product_tag":[],"class_list":{"0":"post-2341","1":"product","2":"type-product","3":"status-publish","4":"has-post-thumbnail","6":"product_cat-cire-scellee","7":"product_cat-tous","9":"first","10":"instock","11":"shipping-taxable","12":"purchasable","13":"product-type-simple"},"acf":[],"_links":{"self":[{"href":"https:\/\/bottarga-shop.com\/fr\/wp-json\/wp\/v2\/product\/2341","targetHints":{"allow":["GET"]}}],"collection":[{"href":"https:\/\/bottarga-shop.com\/fr\/wp-json\/wp\/v2\/product"}],"about":[{"href":"https:\/\/bottarga-shop.com\/fr\/wp-json\/wp\/v2\/types\/product"}],"replies":[{"embeddable":true,"href":"https:\/\/bottarga-shop.com\/fr\/wp-json\/wp\/v2\/comments?post=2341"}],"wp:featuredmedia":[{"embeddable":true,"href":"https:\/\/bottarga-shop.com\/fr\/wp-json\/wp\/v2\/media\/1566"}],"wp:attachment":[{"href":"https:\/\/bottarga-shop.com\/fr\/wp-json\/wp\/v2\/media?parent=2341"}],"wp:term":[{"taxonomy":"product_brand","embeddable":true,"href":"https:\/\/bottarga-shop.com\/fr\/wp-json\/wp\/v2\/product_brand?post=2341"},{"taxonomy":"product_cat","embeddable":true,"href":"https:\/\/bottarga-shop.com\/fr\/wp-json\/wp\/v2\/product_cat?post=2341"},{"taxonomy":"product_tag","embeddable":true,"href":"https:\/\/bottarga-shop.com\/fr\/wp-json\/wp\/v2\/product_tag?post=2341"}],"curies":[{"name":"wp","href":"https:\/\/api.w.org\/{rel}","templated":true}]}}