{"id":2342,"date":"2025-04-21T02:58:45","date_gmt":"2025-04-21T02:58:45","guid":{"rendered":"https:\/\/bottarga-shop.com\/product\/bottarga-de-mulet-gris-scellee-sous-vide-1-piece-petite\/"},"modified":"2025-05-20T16:20:05","modified_gmt":"2025-05-20T16:20:05","slug":"bottarga-de-mulet-gris-scellee-sous-vide-1-piece-petite","status":"publish","type":"product","link":"https:\/\/bottarga-shop.com\/fr\/product\/bottarga-de-mulet-gris-scellee-sous-vide-1-piece-petite\/","title":{"rendered":"Poutargue de mulet gris scell\u00e9e sous vide \u2013 1 pi\u00e8ce (petit format)"},"content":{"rendered":"<p class=\"\" data-start=\"508\" data-end=\"699\">Issue des eaux poissonneuses de la c\u00f4te mauritanienne, cette poutargue de mulet gris est pr\u00e9par\u00e9e de mani\u00e8re artisanale : les \u0153ufs sont sal\u00e9s avec du sel marin naturel, s\u00e9ch\u00e9s lentement au soleil, puis emball\u00e9s sous vide pour garantir une fra\u00eecheur optimale.<\/p>\n<p class=\"\" data-start=\"701\" data-end=\"868\">Ce format compact est parfait pour les cuisiniers amateurs, les d\u00e9gustations individuelles ou comme introduction \u00e0 un produit d\u2019exception.<\/p>\n<ul data-start=\"870\" data-end=\"1076\">\n<li class=\"\" data-start=\"870\" data-end=\"888\">\n<p class=\"\" data-start=\"872\" data-end=\"888\">\u2705 1 pi\u00e8ce de petit format (+ 100 g)<\/p>\n<\/li>\n<li class=\"\" data-start=\"889\" data-end=\"927\">\n<p class=\"\" data-start=\"891\" data-end=\"927\">\u2705 100 % mulet gris sauvage<\/p>\n<\/li>\n<li class=\"\" data-start=\"928\" data-end=\"969\">\n<p class=\"\" data-start=\"930\" data-end=\"969\">\u2705 Scell\u00e9e sous vide pour pr\u00e9server la qualit\u00e9<\/p>\n<\/li>\n<li class=\"\" data-start=\"970\" data-end=\"1005\">\n<p class=\"\" data-start=\"972\" data-end=\"1005\">\u2705 S\u00e9chage traditionnel au soleil<\/p>\n<\/li>\n<li class=\"\" data-start=\"1006\" data-end=\"1041\">\n<p class=\"\" data-start=\"1008\" data-end=\"1041\">\u2705 Sans additifs ni conservateurs<\/p>\n<\/li>\n<li class=\"\" data-start=\"1042\" data-end=\"1076\">\n<p class=\"\" data-start=\"1044\" data-end=\"1076\">\u2705 Pr\u00eate \u00e0 \u00eatre tranch\u00e9e, r\u00e2p\u00e9e ou d\u00e9gust\u00e9e telle quelle<\/p>\n<\/li>\n<\/ul>\n","protected":false},"excerpt":{"rendered":"<p>Un format pratique, sans compromis sur la saveur, pour d\u00e9couvrir ou offrir la finesse de la vraie poutargue. <\/p>\n","protected":false},"featured_media":1577,"comment_status":"open","ping_status":"closed","template":"","meta":{"_acf_changed":false,"slim_seo":{"title":"Poutargue de mulet gris scell\u00e9e sous vide \u2013 1 pi\u00e8ce (petit format) - bottarga-shop.com","description":"Un format pratique, sans compromis sur la saveur, pour d\u00e9couvrir ou offrir la finesse de la vraie poutargue."}},"product_brand":[],"product_cat":[73,71],"product_tag":[],"class_list":{"0":"post-2342","1":"product","2":"type-product","3":"status-publish","4":"has-post-thumbnail","6":"product_cat-scelle-sous-vide","7":"product_cat-tous","9":"first","10":"instock","11":"shipping-taxable","12":"purchasable","13":"product-type-simple"},"acf":[],"_links":{"self":[{"href":"https:\/\/bottarga-shop.com\/fr\/wp-json\/wp\/v2\/product\/2342","targetHints":{"allow":["GET"]}}],"collection":[{"href":"https:\/\/bottarga-shop.com\/fr\/wp-json\/wp\/v2\/product"}],"about":[{"href":"https:\/\/bottarga-shop.com\/fr\/wp-json\/wp\/v2\/types\/product"}],"replies":[{"embeddable":true,"href":"https:\/\/bottarga-shop.com\/fr\/wp-json\/wp\/v2\/comments?post=2342"}],"wp:featuredmedia":[{"embeddable":true,"href":"https:\/\/bottarga-shop.com\/fr\/wp-json\/wp\/v2\/media\/1577"}],"wp:attachment":[{"href":"https:\/\/bottarga-shop.com\/fr\/wp-json\/wp\/v2\/media?parent=2342"}],"wp:term":[{"taxonomy":"product_brand","embeddable":true,"href":"https:\/\/bottarga-shop.com\/fr\/wp-json\/wp\/v2\/product_brand?post=2342"},{"taxonomy":"product_cat","embeddable":true,"href":"https:\/\/bottarga-shop.com\/fr\/wp-json\/wp\/v2\/product_cat?post=2342"},{"taxonomy":"product_tag","embeddable":true,"href":"https:\/\/bottarga-shop.com\/fr\/wp-json\/wp\/v2\/product_tag?post=2342"}],"curies":[{"name":"wp","href":"https:\/\/api.w.org\/{rel}","templated":true}]}}