{"id":2343,"date":"2025-04-22T03:04:06","date_gmt":"2025-04-22T03:04:06","guid":{"rendered":"https:\/\/bottarga-shop.com\/product\/bottarga-de-mulet-gris-scellee-sous-vide-paquet-de-6-moyenne\/"},"modified":"2025-05-12T16:19:17","modified_gmt":"2025-05-12T16:19:17","slug":"bottarga-de-mulet-gris-scellee-sous-vide-paquet-de-6-moyenne","status":"publish","type":"product","link":"https:\/\/bottarga-shop.com\/fr\/product\/bottarga-de-mulet-gris-scellee-sous-vide-paquet-de-6-moyenne\/","title":{"rendered":"Poutargue de mulet gris scell\u00e9e sous vide \u2013 Paquet de 6 (format moyen \u2013 1 kg)"},"content":{"rendered":"<p class=\"\" data-start=\"1324\" data-end=\"1497\">R\u00e9colt\u00e9e dans les eaux atlantiques riches et sauvages de la Mauritanie, cette poutargue de mulet gris de taille moyenne est sal\u00e9e au sel marin, s\u00e9ch\u00e9e naturellement au soleil, puis soigneusement scell\u00e9e sous vide pour en pr\u00e9server la profondeur aromatique et l\u2019\u00e9quilibre gustatif.<\/p>\n<p class=\"\" data-start=\"1499\" data-end=\"1641\">Ce format a \u00e9t\u00e9 con\u00e7u pour une utilisation culinaire r\u00e9guli\u00e8re, garantissant une constance remarquable en texture et en intensit\u00e9, pi\u00e8ce apr\u00e8s pi\u00e8ce.<\/p>\n<ul data-start=\"1643\" data-end=\"1868\">\n<li class=\"\" data-start=\"1643\" data-end=\"1673\">\n<p class=\"\" data-start=\"1645\" data-end=\"1673\">\u2705 Poids : 1 kg (6 pi\u00e8ces de 150\u202fg+)<\/p>\n<\/li>\n<li class=\"\" data-start=\"1674\" data-end=\"1712\">\n<p class=\"\" data-start=\"1676\" data-end=\"1712\">\u2705 100\u202f% mulet gris captur\u00e9 \u00e0 l\u2019\u00e9tat sauvage<\/p>\n<\/li>\n<li class=\"\" data-start=\"1713\" data-end=\"1760\">\n<p class=\"\" data-start=\"1715\" data-end=\"1760\">\u2705 Conditionn\u00e9 sous vide pour une fra\u00eecheur longue dur\u00e9e<\/p>\n<\/li>\n<li class=\"\" data-start=\"1761\" data-end=\"1796\">\n<p class=\"\" data-start=\"1763\" data-end=\"1796\">\u2705 S\u00e9chage traditionnel au soleil, sans traitement industriel<\/p>\n<\/li>\n<li class=\"\" data-start=\"1797\" data-end=\"1832\">\n<p class=\"\" data-start=\"1799\" data-end=\"1832\">\u2705 Sans additifs, sans conservateurs<\/p>\n<\/li>\n<li class=\"\" data-start=\"1833\" data-end=\"1868\">\n<p class=\"\" data-start=\"1835\" data-end=\"1868\">\u2705 Pr\u00eat \u00e0 trancher, r\u00e2per ou d\u00e9guster tel quel<\/p>\n<\/li>\n<\/ul>\n","protected":false},"excerpt":{"rendered":"<p>Un pack complet de 1 kg de poutargue de mulet gris grand format, scell\u00e9 sous vide pour une d\u00e9coupe nette et une saveur intense.<\/p>\n","protected":false},"featured_media":1593,"comment_status":"open","ping_status":"closed","template":"","meta":{"_acf_changed":false,"slim_seo":{"title":"Poutargue de mulet gris scell\u00e9e sous vide \u2013 Paquet de 6 (format moyen \u2013 1 kg) - bottarga-shop.com","description":"Un pack complet de 1 kg de poutargue de mulet gris grand format, scell\u00e9 sous vide pour une d\u00e9coupe nette et une saveur intense."}},"product_brand":[],"product_cat":[73],"product_tag":[],"class_list":{"0":"post-2343","1":"product","2":"type-product","3":"status-publish","4":"has-post-thumbnail","6":"product_cat-scelle-sous-vide","8":"first","9":"instock","10":"shipping-taxable","11":"purchasable","12":"product-type-simple"},"acf":[],"_links":{"self":[{"href":"https:\/\/bottarga-shop.com\/fr\/wp-json\/wp\/v2\/product\/2343","targetHints":{"allow":["GET"]}}],"collection":[{"href":"https:\/\/bottarga-shop.com\/fr\/wp-json\/wp\/v2\/product"}],"about":[{"href":"https:\/\/bottarga-shop.com\/fr\/wp-json\/wp\/v2\/types\/product"}],"replies":[{"embeddable":true,"href":"https:\/\/bottarga-shop.com\/fr\/wp-json\/wp\/v2\/comments?post=2343"}],"wp:featuredmedia":[{"embeddable":true,"href":"https:\/\/bottarga-shop.com\/fr\/wp-json\/wp\/v2\/media\/1593"}],"wp:attachment":[{"href":"https:\/\/bottarga-shop.com\/fr\/wp-json\/wp\/v2\/media?parent=2343"}],"wp:term":[{"taxonomy":"product_brand","embeddable":true,"href":"https:\/\/bottarga-shop.com\/fr\/wp-json\/wp\/v2\/product_brand?post=2343"},{"taxonomy":"product_cat","embeddable":true,"href":"https:\/\/bottarga-shop.com\/fr\/wp-json\/wp\/v2\/product_cat?post=2343"},{"taxonomy":"product_tag","embeddable":true,"href":"https:\/\/bottarga-shop.com\/fr\/wp-json\/wp\/v2\/product_tag?post=2343"}],"curies":[{"name":"wp","href":"https:\/\/api.w.org\/{rel}","templated":true}]}}