{"id":2344,"date":"2025-04-22T03:01:09","date_gmt":"2025-04-22T03:01:09","guid":{"rendered":"https:\/\/bottarga-shop.com\/product\/bottarga-de-mulet-gris-scellee-sous-vide-paquet-de-5-petite\/"},"modified":"2025-05-20T15:25:30","modified_gmt":"2025-05-20T15:25:30","slug":"bottarga-de-mulet-gris-scellee-sous-vide-paquet-de-5-petite","status":"publish","type":"product","link":"https:\/\/bottarga-shop.com\/fr\/product\/bottarga-de-mulet-gris-scellee-sous-vide-paquet-de-5-petite\/","title":{"rendered":"Poutargue de mulet gris scell\u00e9e sous vide \u2013 Pack de 5 (petit format)"},"content":{"rendered":"<p class=\"\" data-start=\"521\" data-end=\"687\">R\u00e9colt\u00e9e dans les eaux atlantiques riches et sauvages de la Mauritanie, cette poutargue de mulet gris de taille moyenne est sal\u00e9e au sel marin, s\u00e9ch\u00e9e naturellement au soleil, puis soigneusement scell\u00e9e sous vide pour en pr\u00e9server la profondeur aromatique et l\u2019\u00e9quilibre gustatif.<\/p>\n<p class=\"\" data-start=\"689\" data-end=\"821\">Ce format a \u00e9t\u00e9 con\u00e7u pour une utilisation culinaire r\u00e9guli\u00e8re, garantissant une constance remarquable en texture et en intensit\u00e9, pi\u00e8ce apr\u00e8s pi\u00e8ce.<\/p>\n<ul data-start=\"823\" data-end=\"1041\">\n<li class=\"\" data-start=\"823\" data-end=\"852\">\n<p class=\"\" data-start=\"825\" data-end=\"852\">\u2705 Poids : 500g (5 pi\u00e8ces de 100\u202fg)<\/p>\n<\/li>\n<li class=\"\" data-start=\"853\" data-end=\"891\">\n<p class=\"\" data-start=\"855\" data-end=\"891\">\u2705 100\u202f% mulet gris captur\u00e9 \u00e0 l\u2019\u00e9tat sauvage<\/p>\n<\/li>\n<li class=\"\" data-start=\"892\" data-end=\"933\">\n<p class=\"\" data-start=\"894\" data-end=\"933\">\u2705 Conditionn\u00e9 sous vide pour une fra\u00eecheur longue dur\u00e9e<\/p>\n<\/li>\n<li class=\"\" data-start=\"934\" data-end=\"969\">\n<p class=\"\" data-start=\"936\" data-end=\"969\">\u2705 S\u00e9chage traditionnel au soleil, sans traitement industriel<\/p>\n<\/li>\n<li class=\"\" data-start=\"970\" data-end=\"1005\">\n<p class=\"\" data-start=\"972\" data-end=\"1005\">\u2705 Sans additifs, sans conservateurs<\/p>\n<\/li>\n<li class=\"\" data-start=\"1006\" data-end=\"1041\">\n<p class=\"\" data-start=\"1008\" data-end=\"1041\">\u2705 Pr\u00eat \u00e0 trancher, r\u00e2per ou d\u00e9guster tel quel<\/p>\n<\/li>\n<\/ul>\n","protected":false},"excerpt":{"rendered":"<p>Une s\u00e9lection de 500g de poutargue de mulet gris de petit calibre, soigneusement scell\u00e9e sous vide pour garantir fra\u00eecheur et intensit\u00e9 aromatique. Id\u00e9ale pour une utilisation r\u00e9guli\u00e8re \u00e0 la maison ou comme cadeau gastronomique raffin\u00e9. <\/p>\n","protected":false},"featured_media":1593,"comment_status":"open","ping_status":"closed","template":"","meta":{"_acf_changed":false,"slim_seo":{"title":"Poutargue de mulet gris scell\u00e9e sous vide \u2013 Pack de 5 (petit format) - bottarga-shop.com","description":"Une s\u00e9lection de 500g de poutargue de mulet gris de petit calibre, soigneusement scell\u00e9e sous vide pour garantir fra\u00eecheur et intensit\u00e9 aromatique. Id\u00e9ale pour"}},"product_brand":[],"product_cat":[73],"product_tag":[],"class_list":{"0":"post-2344","1":"product","2":"type-product","3":"status-publish","4":"has-post-thumbnail","6":"product_cat-scelle-sous-vide","8":"first","9":"instock","10":"shipping-taxable","11":"purchasable","12":"product-type-simple"},"acf":[],"_links":{"self":[{"href":"https:\/\/bottarga-shop.com\/fr\/wp-json\/wp\/v2\/product\/2344","targetHints":{"allow":["GET"]}}],"collection":[{"href":"https:\/\/bottarga-shop.com\/fr\/wp-json\/wp\/v2\/product"}],"about":[{"href":"https:\/\/bottarga-shop.com\/fr\/wp-json\/wp\/v2\/types\/product"}],"replies":[{"embeddable":true,"href":"https:\/\/bottarga-shop.com\/fr\/wp-json\/wp\/v2\/comments?post=2344"}],"wp:featuredmedia":[{"embeddable":true,"href":"https:\/\/bottarga-shop.com\/fr\/wp-json\/wp\/v2\/media\/1593"}],"wp:attachment":[{"href":"https:\/\/bottarga-shop.com\/fr\/wp-json\/wp\/v2\/media?parent=2344"}],"wp:term":[{"taxonomy":"product_brand","embeddable":true,"href":"https:\/\/bottarga-shop.com\/fr\/wp-json\/wp\/v2\/product_brand?post=2344"},{"taxonomy":"product_cat","embeddable":true,"href":"https:\/\/bottarga-shop.com\/fr\/wp-json\/wp\/v2\/product_cat?post=2344"},{"taxonomy":"product_tag","embeddable":true,"href":"https:\/\/bottarga-shop.com\/fr\/wp-json\/wp\/v2\/product_tag?post=2344"}],"curies":[{"name":"wp","href":"https:\/\/api.w.org\/{rel}","templated":true}]}}