{"id":2345,"date":"2025-04-20T19:32:11","date_gmt":"2025-04-20T19:32:11","guid":{"rendered":"https:\/\/bottarga-shop.com\/product\/bottarga-de-mulet-gris-rape-50g\/"},"modified":"2025-05-21T04:28:18","modified_gmt":"2025-05-21T04:28:18","slug":"bottarga-de-mulet-gris-rape-50g","status":"publish","type":"product","link":"https:\/\/bottarga-shop.com\/fr\/product\/bottarga-de-mulet-gris-rape-50g\/","title":{"rendered":"Poutargue de mulet gris r\u00e2p\u00e9e \u2013 50g"},"content":{"rendered":"<p class=\"\" data-start=\"887\" data-end=\"1240\">Bottarga Mauritania vous offre un go\u00fbt authentique de la poutargue artisanale, \u00e9labor\u00e9e \u00e0 partir d\u2019\u0153ufs de mulet gris sauvage p\u00each\u00e9 au large des c\u00f4tes mauritaniennes.<\/p>\n<p class=\"\" data-start=\"887\" data-end=\"1240\">Les \u0153ufs sont sal\u00e9s naturellement, puis s\u00e9ch\u00e9s lentement au soleil en plein air, dans le respect des traditions ancestrales. Une fois affin\u00e9s, ils sont finement r\u00e2p\u00e9s pour obtenir une poudre intens\u00e9ment aromatique, au caract\u00e8re iod\u00e9 et affirm\u00e9. <\/p>\n<p class=\"\" data-start=\"1242\" data-end=\"1456\">Que vous soyez un cuisinier passionn\u00e9 ou un chef professionnel, cette poutargue r\u00e2p\u00e9e est la touche finale id\u00e9ale.<\/p>\n<ul>\n<li class=\"\" data-start=\"2221\" data-end=\"2259\">\n<p class=\"\" data-start=\"2223\" data-end=\"2259\">\u2705 50 g de poutargue de mulet gris sauvage r\u00e2p\u00e9e<\/p>\n<\/li>\n<li class=\"\" data-start=\"2260\" data-end=\"2300\">\n<p class=\"\" data-start=\"2262\" data-end=\"2300\">\u2705 S\u00e9ch\u00e9e au soleil et sal\u00e9e de fa\u00e7on traditionnelle<\/p>\n<\/li>\n<li class=\"\" data-start=\"2301\" data-end=\"2338\">\n<p class=\"\" data-start=\"2303\" data-end=\"2338\">\u2705 R\u00e2p\u00e9e finement pour un usage polyvalent<\/p>\n<\/li>\n<li class=\"\" data-start=\"2339\" data-end=\"2374\">\n<p class=\"\" data-start=\"2341\" data-end=\"2374\">\u2705 Sans additifs ni conservateurs<\/p>\n<\/li>\n<li class=\"\" data-start=\"2375\" data-end=\"2418\">\n<p class=\"\" data-start=\"2377\" data-end=\"2418\">\u2705 Pot en verre haut de gamme<\/p>\n<\/li>\n<li class=\"\" data-start=\"2419\" data-end=\"2472\">\n<p class=\"\" data-start=\"2421\" data-end=\"2472\">\u2705 \u00c0 conserver au sec et au frais \u2013 Dur\u00e9e de conservation : 12 mois<\/p>\n<\/li>\n<\/ul>\n","protected":false},"excerpt":{"rendered":"<p>Cette poutargue fine est pr\u00e9par\u00e9e \u00e0 partir de mulet gris sauvage, sal\u00e9e et s\u00e9ch\u00e9e selon la tradition, puis finement moulue. Riche en umami, elle apporte profondeur et \u00e9l\u00e9gance \u00e0 tous vos plats. <\/p>\n","protected":false},"featured_media":1597,"comment_status":"open","ping_status":"closed","template":"","meta":{"_acf_changed":false,"slim_seo":{"title":"Poutargue de mulet gris r\u00e2p\u00e9e \u2013 50g - bottarga-shop.com","description":"Cette poutargue fine est pr\u00e9par\u00e9e \u00e0 partir de mulet gris sauvage, sal\u00e9e et s\u00e9ch\u00e9e selon la tradition, puis finement moulue. Riche en umami, elle apporte profond"}},"product_brand":[],"product_cat":[74,71],"product_tag":[],"class_list":{"0":"post-2345","1":"product","2":"type-product","3":"status-publish","4":"has-post-thumbnail","6":"product_cat-rape","7":"product_cat-tous","9":"first","10":"instock","11":"shipping-taxable","12":"purchasable","13":"product-type-simple"},"acf":[],"_links":{"self":[{"href":"https:\/\/bottarga-shop.com\/fr\/wp-json\/wp\/v2\/product\/2345","targetHints":{"allow":["GET"]}}],"collection":[{"href":"https:\/\/bottarga-shop.com\/fr\/wp-json\/wp\/v2\/product"}],"about":[{"href":"https:\/\/bottarga-shop.com\/fr\/wp-json\/wp\/v2\/types\/product"}],"replies":[{"embeddable":true,"href":"https:\/\/bottarga-shop.com\/fr\/wp-json\/wp\/v2\/comments?post=2345"}],"wp:featuredmedia":[{"embeddable":true,"href":"https:\/\/bottarga-shop.com\/fr\/wp-json\/wp\/v2\/media\/1597"}],"wp:attachment":[{"href":"https:\/\/bottarga-shop.com\/fr\/wp-json\/wp\/v2\/media?parent=2345"}],"wp:term":[{"taxonomy":"product_brand","embeddable":true,"href":"https:\/\/bottarga-shop.com\/fr\/wp-json\/wp\/v2\/product_brand?post=2345"},{"taxonomy":"product_cat","embeddable":true,"href":"https:\/\/bottarga-shop.com\/fr\/wp-json\/wp\/v2\/product_cat?post=2345"},{"taxonomy":"product_tag","embeddable":true,"href":"https:\/\/bottarga-shop.com\/fr\/wp-json\/wp\/v2\/product_tag?post=2345"}],"curies":[{"name":"wp","href":"https:\/\/api.w.org\/{rel}","templated":true}]}}