{"id":2346,"date":"2025-04-21T02:53:57","date_gmt":"2025-04-21T02:53:57","guid":{"rendered":"https:\/\/bottarga-shop.com\/product\/bottarga-de-mulet-gris-scellee-a-la-cire-paquet-de-10-moyenne\/"},"modified":"2025-05-20T23:42:31","modified_gmt":"2025-05-20T23:42:31","slug":"bottarga-de-mulet-gris-scellee-a-la-cire-paquet-de-10-moyenne","status":"publish","type":"product","link":"https:\/\/bottarga-shop.com\/fr\/product\/bottarga-de-mulet-gris-scellee-a-la-cire-paquet-de-10-moyenne\/","title":{"rendered":"Poutargue de mulet gris scell\u00e9e \u00e0 la cire \u2013 Paquet de 10 (format moyen)"},"content":{"rendered":"<p class=\"\" data-start=\"388\" data-end=\"614\">R\u00e9colt\u00e9e \u00e0 la main sur la c\u00f4te atlantique de la Mauritanie, cette poutargue artisanale est pr\u00e9par\u00e9e selon une m\u00e9thode ancestrale : les \u0153ufs de mulet gris sont sal\u00e9s naturellement, s\u00e9ch\u00e9s lentement au soleil, puis recouverts d\u2019une couche protectrice de cire d\u2019abeille et d\u2019huile d\u2019olive extra vierge.<\/p>\n<p class=\"\" data-start=\"616\" data-end=\"783\">Ce pack moyen format, compos\u00e9 de 10 pi\u00e8ces, est id\u00e9al pour les restaurants, \u00e9piceries fines ou connaisseurs souhaitant allier raffinement, r\u00e9gularit\u00e9 et potentiel de conservation.<\/p>\n<ul data-start=\"785\" data-end=\"1020\">\n<li class=\"\" data-start=\"785\" data-end=\"817\">\n<p class=\"\" data-start=\"787\" data-end=\"817\">\u2705 Poids total : 1,5 kg (10 x 150 g)<\/p>\n<\/li>\n<li class=\"\" data-start=\"818\" data-end=\"856\">\n<p class=\"\" data-start=\"820\" data-end=\"856\">\u2705 100 % mulet gris sauvage<\/p>\n<\/li>\n<li class=\"\" data-start=\"857\" data-end=\"913\">\n<p class=\"\" data-start=\"859\" data-end=\"913\">\u2705 Finition \u00e0 la cire naturelle et huile d\u2019olive extra vierge<\/p>\n<\/li>\n<li class=\"\" data-start=\"914\" data-end=\"949\">\n<p class=\"\" data-start=\"916\" data-end=\"949\">\u2705 S\u00e9chage traditionnel au soleil<\/p>\n<\/li>\n<li class=\"\" data-start=\"950\" data-end=\"985\">\n<p class=\"\" data-start=\"952\" data-end=\"985\">\u2705 Sans additifs ni conservateurs<\/p>\n<\/li>\n<li class=\"\" data-start=\"986\" data-end=\"1020\">\n<p class=\"\" data-start=\"988\" data-end=\"1020\">\u2705 Pr\u00eate \u00e0 \u00eatre tranch\u00e9e, r\u00e2p\u00e9e ou d\u00e9gust\u00e9e telle quelle<\/p>\n<\/li>\n<\/ul>\n","protected":false},"excerpt":{"rendered":"<p>Une s\u00e9lection soign\u00e9e, scell\u00e9e sous cire pour pr\u00e9server la richesse aromatique, la texture dense et la capacit\u00e9 de maturation, id\u00e9ale pour les professionnels et les amateurs \u00e9clair\u00e9s. <\/p>\n","protected":false},"featured_media":1566,"comment_status":"open","ping_status":"closed","template":"","meta":{"_acf_changed":false,"slim_seo":{"title":"Poutargue de mulet gris scell\u00e9e \u00e0 la cire \u2013 Paquet de 10 (format moyen) - bottarga-shop.com","description":"Une s\u00e9lection soign\u00e9e, scell\u00e9e sous cire pour pr\u00e9server la richesse aromatique, la texture dense et la capacit\u00e9 de maturation, id\u00e9ale pour les professionnels et"}},"product_brand":[],"product_cat":[72,71],"product_tag":[],"class_list":{"0":"post-2346","1":"product","2":"type-product","3":"status-publish","4":"has-post-thumbnail","6":"product_cat-cire-scellee","7":"product_cat-tous","9":"first","10":"instock","11":"shipping-taxable","12":"purchasable","13":"product-type-simple"},"acf":[],"_links":{"self":[{"href":"https:\/\/bottarga-shop.com\/fr\/wp-json\/wp\/v2\/product\/2346","targetHints":{"allow":["GET"]}}],"collection":[{"href":"https:\/\/bottarga-shop.com\/fr\/wp-json\/wp\/v2\/product"}],"about":[{"href":"https:\/\/bottarga-shop.com\/fr\/wp-json\/wp\/v2\/types\/product"}],"replies":[{"embeddable":true,"href":"https:\/\/bottarga-shop.com\/fr\/wp-json\/wp\/v2\/comments?post=2346"}],"wp:featuredmedia":[{"embeddable":true,"href":"https:\/\/bottarga-shop.com\/fr\/wp-json\/wp\/v2\/media\/1566"}],"wp:attachment":[{"href":"https:\/\/bottarga-shop.com\/fr\/wp-json\/wp\/v2\/media?parent=2346"}],"wp:term":[{"taxonomy":"product_brand","embeddable":true,"href":"https:\/\/bottarga-shop.com\/fr\/wp-json\/wp\/v2\/product_brand?post=2346"},{"taxonomy":"product_cat","embeddable":true,"href":"https:\/\/bottarga-shop.com\/fr\/wp-json\/wp\/v2\/product_cat?post=2346"},{"taxonomy":"product_tag","embeddable":true,"href":"https:\/\/bottarga-shop.com\/fr\/wp-json\/wp\/v2\/product_tag?post=2346"}],"curies":[{"name":"wp","href":"https:\/\/api.w.org\/{rel}","templated":true}]}}