{"id":2347,"date":"2025-04-21T02:59:59","date_gmt":"2025-04-21T02:59:59","guid":{"rendered":"https:\/\/bottarga-shop.com\/product\/poutargue-de-mulet-gris-scellee-sous-vide-1-piece-moyenne\/"},"modified":"2025-05-20T15:58:56","modified_gmt":"2025-05-20T15:58:56","slug":"poutargue-de-mulet-gris-scellee-sous-vide-1-piece-moyenne","status":"publish","type":"product","link":"https:\/\/bottarga-shop.com\/fr\/product\/poutargue-de-mulet-gris-scellee-sous-vide-1-piece-moyenne\/","title":{"rendered":"Poutargue de mulet gris scell\u00e9e sous vide \u2013 1 pi\u00e8ce (format moyen)"},"content":{"rendered":"<p class=\"\" data-start=\"398\" data-end=\"593\">Issue des eaux poissonneuses de l\u2019Atlantique mauritanien, cette poutargue de mulet gris est pr\u00e9par\u00e9e de mani\u00e8re artisanale : sal\u00e9e avec du sel marin naturel, s\u00e9ch\u00e9e lentement au soleil, puis scell\u00e9e sous vide pour pr\u00e9server sa fra\u00eecheur et son go\u00fbt unique.<\/p>\n<p class=\"\" data-start=\"595\" data-end=\"762\">Ce format moyen est id\u00e9al pour une utilisation culinaire \u00e9quilibr\u00e9e : assez g\u00e9n\u00e9reux pour plusieurs pr\u00e9parations, tout en restant accessible et facile \u00e0 conserver.<\/p>\n<ul data-start=\"764\" data-end=\"971\">\n<li class=\"\" data-start=\"764\" data-end=\"783\">\n<p class=\"\" data-start=\"766\" data-end=\"783\">\u2705 Pi\u00e8ce individuelle de format moyen (+ 150 g)<\/p>\n<\/li>\n<li class=\"\" data-start=\"784\" data-end=\"822\">\n<p class=\"\" data-start=\"786\" data-end=\"822\">\u2705 100 % mulet gris sauvage<\/p>\n<\/li>\n<li class=\"\" data-start=\"823\" data-end=\"864\">\n<p class=\"\" data-start=\"825\" data-end=\"864\">\u2705 Scell\u00e9e sous vide pour une conservation optimale<\/p>\n<\/li>\n<li class=\"\" data-start=\"865\" data-end=\"900\">\n<p class=\"\" data-start=\"867\" data-end=\"900\">\u2705 Affin\u00e9e naturellement au soleil<\/p>\n<\/li>\n<li class=\"\" data-start=\"901\" data-end=\"936\">\n<p class=\"\" data-start=\"903\" data-end=\"936\">\u2705 Sans additifs ni conservateurs<\/p>\n<\/li>\n<li class=\"\" data-start=\"937\" data-end=\"971\">\n<p class=\"\" data-start=\"939\" data-end=\"971\">\u2705 Pr\u00eate \u00e0 trancher, r\u00e2per ou savourer telle quelle<\/p>\n<\/li>\n<\/ul>\n","protected":false},"excerpt":{"rendered":"<p>Une pi\u00e8ce polyvalente et savoureuse, parfaite pour les amateurs de cuisine marine raffin\u00e9e. <\/p>\n","protected":false},"featured_media":1577,"comment_status":"open","ping_status":"closed","template":"","meta":{"_acf_changed":false,"slim_seo":{"title":"Poutargue de mulet gris scell\u00e9e sous vide \u2013 1 pi\u00e8ce (format moyen) - bottarga-shop.com","description":"Une pi\u00e8ce polyvalente et savoureuse, parfaite pour les amateurs de cuisine marine raffin\u00e9e."}},"product_brand":[],"product_cat":[73,71],"product_tag":[],"class_list":{"0":"post-2347","1":"product","2":"type-product","3":"status-publish","4":"has-post-thumbnail","6":"product_cat-scelle-sous-vide","7":"product_cat-tous","9":"first","10":"instock","11":"shipping-taxable","12":"purchasable","13":"product-type-simple"},"acf":[],"_links":{"self":[{"href":"https:\/\/bottarga-shop.com\/fr\/wp-json\/wp\/v2\/product\/2347","targetHints":{"allow":["GET"]}}],"collection":[{"href":"https:\/\/bottarga-shop.com\/fr\/wp-json\/wp\/v2\/product"}],"about":[{"href":"https:\/\/bottarga-shop.com\/fr\/wp-json\/wp\/v2\/types\/product"}],"replies":[{"embeddable":true,"href":"https:\/\/bottarga-shop.com\/fr\/wp-json\/wp\/v2\/comments?post=2347"}],"wp:featuredmedia":[{"embeddable":true,"href":"https:\/\/bottarga-shop.com\/fr\/wp-json\/wp\/v2\/media\/1577"}],"wp:attachment":[{"href":"https:\/\/bottarga-shop.com\/fr\/wp-json\/wp\/v2\/media?parent=2347"}],"wp:term":[{"taxonomy":"product_brand","embeddable":true,"href":"https:\/\/bottarga-shop.com\/fr\/wp-json\/wp\/v2\/product_brand?post=2347"},{"taxonomy":"product_cat","embeddable":true,"href":"https:\/\/bottarga-shop.com\/fr\/wp-json\/wp\/v2\/product_cat?post=2347"},{"taxonomy":"product_tag","embeddable":true,"href":"https:\/\/bottarga-shop.com\/fr\/wp-json\/wp\/v2\/product_tag?post=2347"}],"curies":[{"name":"wp","href":"https:\/\/api.w.org\/{rel}","templated":true}]}}