{"id":2350,"date":"2025-04-21T01:29:28","date_gmt":"2025-04-21T01:29:28","guid":{"rendered":"https:\/\/bottarga-shop.com\/product\/bottarga-de-mulet-gris-scellee-a-la-cire-paquet-de-6-moyenne\/"},"modified":"2025-05-21T02:29:30","modified_gmt":"2025-05-21T02:29:30","slug":"bottarga-de-mulet-gris-scellee-a-la-cire-paquet-de-6-moyenne","status":"publish","type":"product","link":"https:\/\/bottarga-shop.com\/fr\/product\/bottarga-de-mulet-gris-scellee-a-la-cire-paquet-de-6-moyenne\/","title":{"rendered":"Poutargue de mulet gris scell\u00e9e \u00e0 la cire \u2013 Paquet de 6 (format moyen)"},"content":{"rendered":"<p class=\"\" data-start=\"593\" data-end=\"819\">Pr\u00e9par\u00e9e \u00e0 partir de mulets gris sauvages p\u00each\u00e9s dans les eaux riches de l\u2019Atlantique mauritanien, cette poutargue est affin\u00e9e selon une m\u00e9thode traditionnelle : sal\u00e9e au sel marin naturel, s\u00e9ch\u00e9e lentement au soleil, puis scell\u00e9e manuellement avec de la cire d\u2019abeille et de l\u2019huile d\u2019olive extra vierge.<\/p>\n<p class=\"\" data-start=\"821\" data-end=\"988\">Ce pack de 6 pi\u00e8ces au format moyen est pens\u00e9 pour une utilisation r\u00e9guli\u00e8re tout en garantissant \u00e9quilibre, qualit\u00e9 et raffinement. Parfait pour les restaurateurs, les passionn\u00e9s de gastronomie ou les coffrets haut de gamme.<\/p>\n<ul data-start=\"990\" data-end=\"1216\">\n<li class=\"\" data-start=\"990\" data-end=\"1013\">\n<p class=\"\" data-start=\"992\" data-end=\"1013\">\u2705 Poids total : 1 kg (6 x +165 g)<\/p>\n<\/li>\n<li class=\"\" data-start=\"1014\" data-end=\"1052\">\n<p class=\"\" data-start=\"1016\" data-end=\"1052\">\u2705 100 % mulet gris sauvage<\/p>\n<\/li>\n<li class=\"\" data-start=\"1053\" data-end=\"1109\">\n<p class=\"\" data-start=\"1055\" data-end=\"1109\">\u2705 Scell\u00e9e avec de la cire d\u2019abeille et de l\u2019huile d\u2019olive extra vierge<\/p>\n<\/li>\n<li class=\"\" data-start=\"1110\" data-end=\"1145\">\n<p class=\"\" data-start=\"1112\" data-end=\"1145\">\u2705 S\u00e9chage traditionnel au soleil<\/p>\n<\/li>\n<li class=\"\" data-start=\"1146\" data-end=\"1181\">\n<p class=\"\" data-start=\"1148\" data-end=\"1181\">\u2705 Sans additifs ni conservateurs<\/p>\n<\/li>\n<li class=\"\" data-start=\"1182\" data-end=\"1216\">\n<p class=\"\" data-start=\"1184\" data-end=\"1216\">\u2705 Pr\u00eate \u00e0 trancher, r\u00e2per ou savourer telle quelle<\/p>\n<\/li>\n<\/ul>\n","protected":false},"excerpt":{"rendered":"<p>Une s\u00e9lection \u00e9quilibr\u00e9e et \u00e9l\u00e9gante, scell\u00e9e sous cire pour pr\u00e9server l\u2019ar\u00f4me, la texture et le potentiel de maturation ; id\u00e9ale pour une cuisine exigeante. <\/p>\n","protected":false},"featured_media":1575,"comment_status":"open","ping_status":"closed","template":"","meta":{"_acf_changed":false,"slim_seo":{"title":"Poutargue de mulet gris scell\u00e9e \u00e0 la cire \u2013 Paquet de 6 (format moyen) - bottarga-shop.com","description":"Une s\u00e9lection \u00e9quilibr\u00e9e et \u00e9l\u00e9gante, scell\u00e9e sous cire pour pr\u00e9server l\u2019ar\u00f4me, la texture et le potentiel de maturation ; id\u00e9ale pour une cuisine exigeante."}},"product_brand":[],"product_cat":[72,71],"product_tag":[],"class_list":{"0":"post-2350","1":"product","2":"type-product","3":"status-publish","4":"has-post-thumbnail","6":"product_cat-cire-scellee","7":"product_cat-tous","9":"first","10":"instock","11":"shipping-taxable","12":"purchasable","13":"product-type-simple"},"acf":[],"_links":{"self":[{"href":"https:\/\/bottarga-shop.com\/fr\/wp-json\/wp\/v2\/product\/2350","targetHints":{"allow":["GET"]}}],"collection":[{"href":"https:\/\/bottarga-shop.com\/fr\/wp-json\/wp\/v2\/product"}],"about":[{"href":"https:\/\/bottarga-shop.com\/fr\/wp-json\/wp\/v2\/types\/product"}],"replies":[{"embeddable":true,"href":"https:\/\/bottarga-shop.com\/fr\/wp-json\/wp\/v2\/comments?post=2350"}],"wp:featuredmedia":[{"embeddable":true,"href":"https:\/\/bottarga-shop.com\/fr\/wp-json\/wp\/v2\/media\/1575"}],"wp:attachment":[{"href":"https:\/\/bottarga-shop.com\/fr\/wp-json\/wp\/v2\/media?parent=2350"}],"wp:term":[{"taxonomy":"product_brand","embeddable":true,"href":"https:\/\/bottarga-shop.com\/fr\/wp-json\/wp\/v2\/product_brand?post=2350"},{"taxonomy":"product_cat","embeddable":true,"href":"https:\/\/bottarga-shop.com\/fr\/wp-json\/wp\/v2\/product_cat?post=2350"},{"taxonomy":"product_tag","embeddable":true,"href":"https:\/\/bottarga-shop.com\/fr\/wp-json\/wp\/v2\/product_tag?post=2350"}],"curies":[{"name":"wp","href":"https:\/\/api.w.org\/{rel}","templated":true}]}}