{"id":2352,"date":"2025-04-22T03:11:21","date_gmt":"2025-04-22T03:11:21","guid":{"rendered":"https:\/\/bottarga-shop.com\/product\/bottarga-de-mulet-gris-scellee-sous-vide-paquet-de-10-grande\/"},"modified":"2025-05-11T03:04:07","modified_gmt":"2025-05-11T03:04:07","slug":"bottarga-de-mulet-gris-scellee-sous-vide-paquet-de-10-grande","status":"publish","type":"product","link":"https:\/\/bottarga-shop.com\/fr\/product\/bottarga-de-mulet-gris-scellee-sous-vide-paquet-de-10-grande\/","title":{"rendered":"Poutargue de mulet gris scell\u00e9e sous vide \u2013 Paquet de 10 (grand format)"},"content":{"rendered":"<p class=\"\" data-start=\"2227\" data-end=\"2437\">\u00c9labor\u00e9e sur la c\u00f4te mauritanienne \u00e0 partir de mulets gris sauvages, cette poutargue est nettoy\u00e9e, sal\u00e9e au sel marin, puis s\u00e9ch\u00e9e au soleil selon les m\u00e9thodes artisanales les plus strictes. Chaque pi\u00e8ce est ensuite soigneusement scell\u00e9e sous vide pour pr\u00e9server toute son int\u00e9grit\u00e9 et sa richesse aromatique. <\/p>\n<p class=\"\" data-start=\"2439\" data-end=\"2568\">Avec 2 kg de poutargue r\u00e9unis dans un seul coffret, ce format est id\u00e9al pour ceux qui recherchent la qualit\u00e9 en grande quantit\u00e9, sans compromis.<\/p>\n<ul data-start=\"2570\" data-end=\"2794\">\n<li class=\"\" data-start=\"2570\" data-end=\"2600\">\n<p class=\"\" data-start=\"2572\" data-end=\"2600\">\u2705 Poids total : 2 kg (10 pi\u00e8ces de 200 g)<\/p>\n<\/li>\n<li class=\"\" data-start=\"2601\" data-end=\"2639\">\n<p class=\"\" data-start=\"2603\" data-end=\"2639\">\u2705 100\u202f% mulet gris sauvage<\/p>\n<\/li>\n<li class=\"\" data-start=\"2640\" data-end=\"2686\">\n<p class=\"\" data-start=\"2642\" data-end=\"2686\">\u2705 Scellage sous vide pour une fra\u00eecheur prolong\u00e9e<\/p>\n<\/li>\n<li class=\"\" data-start=\"2687\" data-end=\"2722\">\n<p class=\"\" data-start=\"2689\" data-end=\"2722\">\u2705 S\u00e9chage traditionnel au soleil, sans machines<\/p>\n<\/li>\n<li class=\"\" data-start=\"2723\" data-end=\"2758\">\n<p class=\"\" data-start=\"2725\" data-end=\"2758\">\u2705 Sans additifs ni conservateurs<\/p>\n<\/li>\n<li class=\"\" data-start=\"2759\" data-end=\"2794\">\n<p class=\"\" data-start=\"2761\" data-end=\"2794\">\u2705 Pr\u00eat \u00e0 trancher, r\u00e2per ou d\u00e9guster tel quel<\/p>\n<\/li>\n<\/ul>\n","protected":false},"excerpt":{"rendered":"<p>Une s\u00e9lection haut de gamme de grosses pi\u00e8ces de poutargue, pens\u00e9e pour les chefs, les achats en gros ou les programmes de maturation. Un produit puissant, pur et pr\u00eat \u00e0 sublimer toutes vos cr\u00e9ations. <\/p>\n","protected":false},"featured_media":1594,"comment_status":"open","ping_status":"closed","template":"","meta":{"_acf_changed":false,"slim_seo":{"title":"Poutargue de mulet gris scell\u00e9e sous vide \u2013 Paquet de 10 (grand format) - bottarga-shop.com","description":"Une s\u00e9lection haut de gamme de grosses pi\u00e8ces de poutargue, pens\u00e9e pour les chefs, les achats en gros ou les programmes de maturation. Un produit puissant, pur"}},"product_brand":[],"product_cat":[73],"product_tag":[],"class_list":{"0":"post-2352","1":"product","2":"type-product","3":"status-publish","4":"has-post-thumbnail","6":"product_cat-scelle-sous-vide","8":"first","9":"instock","10":"shipping-taxable","11":"purchasable","12":"product-type-simple"},"acf":[],"_links":{"self":[{"href":"https:\/\/bottarga-shop.com\/fr\/wp-json\/wp\/v2\/product\/2352","targetHints":{"allow":["GET"]}}],"collection":[{"href":"https:\/\/bottarga-shop.com\/fr\/wp-json\/wp\/v2\/product"}],"about":[{"href":"https:\/\/bottarga-shop.com\/fr\/wp-json\/wp\/v2\/types\/product"}],"replies":[{"embeddable":true,"href":"https:\/\/bottarga-shop.com\/fr\/wp-json\/wp\/v2\/comments?post=2352"}],"wp:featuredmedia":[{"embeddable":true,"href":"https:\/\/bottarga-shop.com\/fr\/wp-json\/wp\/v2\/media\/1594"}],"wp:attachment":[{"href":"https:\/\/bottarga-shop.com\/fr\/wp-json\/wp\/v2\/media?parent=2352"}],"wp:term":[{"taxonomy":"product_brand","embeddable":true,"href":"https:\/\/bottarga-shop.com\/fr\/wp-json\/wp\/v2\/product_brand?post=2352"},{"taxonomy":"product_cat","embeddable":true,"href":"https:\/\/bottarga-shop.com\/fr\/wp-json\/wp\/v2\/product_cat?post=2352"},{"taxonomy":"product_tag","embeddable":true,"href":"https:\/\/bottarga-shop.com\/fr\/wp-json\/wp\/v2\/product_tag?post=2352"}],"curies":[{"name":"wp","href":"https:\/\/api.w.org\/{rel}","templated":true}]}}