{"id":2988,"date":"2025-04-21T01:29:28","date_gmt":"2025-04-21T01:29:28","guid":{"rendered":"https:\/\/bottarga-shop.com\/product\/bottarga-di-muggine-grigio-sigillata-con-cera-confezione-da-6-formato-medio\/"},"modified":"2025-04-21T01:29:28","modified_gmt":"2025-04-21T01:29:28","slug":"bottarga-di-muggine-grigio-sigillata-con-cera-confezione-da-6-formato-medio","status":"publish","type":"product","link":"https:\/\/bottarga-shop.com\/it\/product\/bottarga-di-muggine-grigio-sigillata-con-cera-confezione-da-6-formato-medio\/","title":{"rendered":"Bottarga di muggine grigio sigillata con cera \u2013 Confezione da 6 (formato medio)"},"content":{"rendered":"<p class=\"\" data-start=\"593\" data-end=\"819\">Ottenuta da muggini grigi selvatici pescati nelle acque nutrienti dell\u2019Atlantico mauritano, questa bottarga viene lavorata secondo tradizione: salata con sale marino naturale, essiccata lentamente al sole e infine sigillata a mano con cera d\u2019api e olio extravergine d\u2019oliva.<\/p>\n<p class=\"\" data-start=\"821\" data-end=\"988\">Questo formato da 6 pezzi medi \u00e8 pensato per un utilizzo frequente, garantendo equilibrio tra qualit\u00e0, intensit\u00e0 e raffinatezza. Ideale per ristoranti, appassionati di gastronomia o confezioni regalo gourmet.<\/p>\n<ul data-start=\"990\" data-end=\"1216\">\n<li class=\"\" data-start=\"990\" data-end=\"1013\">\n<p class=\"\" data-start=\"992\" data-end=\"1013\">\u2705 Peso totale: 1 kg (6 x \u00b1165 g)<\/p>\n<\/li>\n<li class=\"\" data-start=\"1014\" data-end=\"1052\">\n<p class=\"\" data-start=\"1016\" data-end=\"1052\">\u2705 100% uova di muggine selvatico<\/p>\n<\/li>\n<li class=\"\" data-start=\"1053\" data-end=\"1109\">\n<p class=\"\" data-start=\"1055\" data-end=\"1109\">\u2705 Sigillata con cera naturale e olio extravergine di oliva<\/p>\n<\/li>\n<li class=\"\" data-start=\"1110\" data-end=\"1145\">\n<p class=\"\" data-start=\"1112\" data-end=\"1145\">\u2705 Essiccazione naturale al sole dell\u2019Atlantico<\/p>\n<\/li>\n<li class=\"\" data-start=\"1146\" data-end=\"1181\">\n<p class=\"\" data-start=\"1148\" data-end=\"1181\">\u2705 Senza additivi n\u00e9 conservanti<\/p>\n<\/li>\n<li class=\"\" data-start=\"1182\" data-end=\"1216\">\n<p class=\"\" data-start=\"1184\" data-end=\"1216\">\u2705 Pronta da affettare, grattugiare o servire<\/p>\n<\/li>\n<\/ul>\n","protected":false},"excerpt":{"rendered":"<p>Una selezione bilanciata e raffinata, sigillata con cera per preservare aroma, consistenza e potenziale di stagionatura ; perfetta per una cucina esigente. <\/p>\n","protected":false},"featured_media":2981,"comment_status":"open","ping_status":"closed","template":"","meta":{"_acf_changed":false,"slim_seo":{"title":"Bottarga di muggine grigio sigillata con cera \u2013 Confezione da 6 (formato medio) - bottarga-shop.com","description":"Una selezione bilanciata e raffinata, sigillata con cera per preservare aroma, consistenza e potenziale di stagionatura ; perfetta per una cucina esigente."}},"product_brand":[],"product_cat":[106,103],"product_tag":[],"class_list":{"0":"post-2988","1":"product","2":"type-product","3":"status-publish","4":"has-post-thumbnail","6":"product_cat-sigillata-con-cera","7":"product_cat-tutti","9":"first","10":"instock","11":"shipping-taxable","12":"purchasable","13":"product-type-simple"},"acf":[],"_links":{"self":[{"href":"https:\/\/bottarga-shop.com\/it\/wp-json\/wp\/v2\/product\/2988","targetHints":{"allow":["GET"]}}],"collection":[{"href":"https:\/\/bottarga-shop.com\/it\/wp-json\/wp\/v2\/product"}],"about":[{"href":"https:\/\/bottarga-shop.com\/it\/wp-json\/wp\/v2\/types\/product"}],"replies":[{"embeddable":true,"href":"https:\/\/bottarga-shop.com\/it\/wp-json\/wp\/v2\/comments?post=2988"}],"wp:featuredmedia":[{"embeddable":true,"href":"https:\/\/bottarga-shop.com\/it\/wp-json\/wp\/v2\/media\/2981"}],"wp:attachment":[{"href":"https:\/\/bottarga-shop.com\/it\/wp-json\/wp\/v2\/media?parent=2988"}],"wp:term":[{"taxonomy":"product_brand","embeddable":true,"href":"https:\/\/bottarga-shop.com\/it\/wp-json\/wp\/v2\/product_brand?post=2988"},{"taxonomy":"product_cat","embeddable":true,"href":"https:\/\/bottarga-shop.com\/it\/wp-json\/wp\/v2\/product_cat?post=2988"},{"taxonomy":"product_tag","embeddable":true,"href":"https:\/\/bottarga-shop.com\/it\/wp-json\/wp\/v2\/product_tag?post=2988"}],"curies":[{"name":"wp","href":"https:\/\/api.w.org\/{rel}","templated":true}]}}